{"id":334,"date":"2022-09-21T18:37:26","date_gmt":"2022-09-21T18:37:26","guid":{"rendered":"https:\/\/ogvamorbach.live-website.com\/?page_id=334"},"modified":"2022-12-02T14:50:46","modified_gmt":"2022-12-02T14:50:46","slug":"arbeitseinsaetze","status":"publish","type":"page","link":"https:\/\/ogv-amorbach.de\/?page_id=334","title":{"rendered":"Arbeitseins\u00e4tze"},"content":{"rendered":"\t\t<div data-elementor-type=\"wp-page\" data-elementor-id=\"334\" class=\"elementor elementor-334\">\n\t\t\t\t\t\t<section class=\"elementor-section elementor-top-section elementor-element elementor-element-84b4a60 elementor-section-boxed elementor-section-height-default elementor-section-height-default\" data-id=\"84b4a60\" data-element_type=\"section\" data-e-type=\"section\">\n\t\t\t\t\t\t<div class=\"elementor-container elementor-column-gap-default\">\n\t\t\t\t\t<div class=\"elementor-column elementor-col-100 elementor-top-column elementor-element elementor-element-f145e48\" data-id=\"f145e48\" data-element_type=\"column\" data-e-type=\"column\">\n\t\t\t<div class=\"elementor-widget-wrap elementor-element-populated\">\n\t\t\t\t\t\t<div class=\"elementor-element elementor-element-49bbf85 elementor-widget elementor-widget-text-editor\" data-id=\"49bbf85\" data-element_type=\"widget\" data-e-type=\"widget\" data-widget_type=\"text-editor.default\">\n\t\t\t\t<div class=\"elementor-widget-container\">\n\t\t\t\t\t\t\t\t\t<p><strong>\u201eM\u00e4hsport 2.0\u201c \u2013wie m\u00e4ht man 1,8 ha Apfelallee <\/strong>(ein Beitrag von Frank Laske)<strong><br \/><\/strong><\/p><p>Nach dem eher beschaulichen Kurs \u201eM\u00e4hen mit der Handsense\u201c (wir berichteten) stand zum Monatswechsel die diesj\u00e4hrige erst Mahd der Apfelallee an.\u00a0<\/p><p>Die Vorstandschaft des OGV war sich einig, dass die Sensenmahd von 18.000 qm Streuobstwiese auch f\u00fcr eine hochmotivierte \u201eM\u00e4hsportgruppe\u201c ein paar Nummern zu gro\u00df ist und engagierte wie im Vorjahr die Firma Karl-Heinz Geis aus Gro\u00dfostheim. Am Donnerstag, \u00a007.07.2022 brachte Herr Geis seinen Landschaftsm\u00e4her in die Apfelallee und begann mit dem Schnitt. Der Landschaftsm\u00e4her gleicht in seiner Bauart einem gro\u00dfen Strandbuggy mit vorgesetztem Balkenm\u00e4her. Er kann aufgrund seines tiefliegenden Schwerpunktes auch B\u00f6schungen befahren und bewegte sich unter der geschickten F\u00fchrung von Herrn Geis \u00e4u\u00dferst wendig zwischen den B\u00e4umen der Allee. Die \u201eM\u00e4hsportler\u201c des OGV m\u00e4hten zeitgleich handgef\u00fchrt\u00a0 um die B\u00e4ume, Ruheb\u00e4nke, Schautafeln und die Sitzgruppe herum, um mit dem Gro\u00dfger\u00e4t mithalten zu k\u00f6nnen diesmal jedoch mit Motorsensen.<\/p><p>Danach wechselte Herr Geis das M\u00e4hwerk gegen den Schwader, so dass danach das Gras zumindest schon mal in Reihen zwischen den B\u00e4umen und neben dem Weg lag. Mit Handrechen wurde es von den \u201eM\u00e4hsportlern\u201c anschlie\u00dfend zu einem gro\u00dfen Schwaden zusammen gezogen. Am Vormittag des 09.07. griffen bis zu 10 Helferinnen und Helfer erneut zu den Heurechen, so dass das gesamte Schnittgut bis zur Mittagszeit in einem langen Schwaden abholbereit in der Allee lag.<\/p><p>Zur Abholung und Verwertung konnten wir dieses Jahr erfreulicherweise Familie Sch\u00e4fer vom gleichnamigen Bauernhof in Kirchzell gewinnen. Frank und Thomas Sch\u00e4fer r\u00fcckten in der folgenden Woche mit Ballenpresse und H\u00e4nger an und der lange Schwaden verwandelte sich in k\u00fcrzester Zeit in Gro\u00dfballen, die auf dem Hof Sch\u00e4fer ihre weitere Verwendung fanden.<\/p><p>Zur\u00fcck blieb eine kleine ungem\u00e4hte Fl\u00e4che nahe der Sitzgruppe, wo die Wiesenforscher des KEG bis zu den Sommerferien noch ihre Beobachtungen abschlie\u00dfen, danach wird auch diese Fl\u00e4che von den \u201eM\u00e4hsportlern\u201c gepflegt \u2013 damit das M\u00e4hen mit der Handsense nicht zu kurz kommt.<\/p><p>Der Obst- und Gartenbauverein Amorbach e.V. bedankt sich bei allen Unterst\u00fctzern und Helfern, f\u00fcr Planung, Organisation, Mitarbeit sowie die leckere Verpflegung, ferner bei Familie Sch\u00e4fer f\u00fcr die Abnahme des M\u00e4hguts.\u00a0 Die Besucher der Apfelallee haben nun wieder freie Sicht auf die alten und neuen Alleeb\u00e4ume und k\u00f6nnen die Ruhepl\u00e4tze und Aussichten genie\u00dfen.<\/p>ngg_shortcode_0_placeholder\t\t\t\t\t\t\t\t<\/div>\n\t\t\t\t<\/div>\n\t\t\t\t\t<\/div>\n\t\t<\/div>\n\t\t\t\t\t<\/div>\n\t\t<\/section>\n\t\t\t\t<section class=\"elementor-section elementor-top-section elementor-element elementor-element-111c1be elementor-section-boxed elementor-section-height-default elementor-section-height-default\" data-id=\"111c1be\" data-element_type=\"section\" data-e-type=\"section\">\n\t\t\t\t\t\t<div class=\"elementor-container elementor-column-gap-default\">\n\t\t\t\t\t<div class=\"elementor-column elementor-col-100 elementor-top-column elementor-element elementor-element-e002b18\" data-id=\"e002b18\" data-element_type=\"column\" data-e-type=\"column\">\n\t\t\t<div class=\"elementor-widget-wrap elementor-element-populated\">\n\t\t\t\t\t\t<div class=\"elementor-element elementor-element-96d8611 elementor-widget elementor-widget-text-editor\" data-id=\"96d8611\" data-element_type=\"widget\" data-e-type=\"widget\" data-widget_type=\"text-editor.default\">\n\t\t\t\t<div class=\"elementor-widget-container\">\n\t\t\t\t\t\t\t\t\t<p><strong>Frankenstein<\/strong> (ein Beitrag von Hans Waldeis)<\/p><p>Der Arbeitseinsatz am 13.M\u00e4rz 2022 war sehr erfolgreich. Andreas B. und sein Traktor, Frank und Konni setzten aus den Sandsteinfunden einen runden Steinhaufen auf der standsicher ist und auch zum Sitzen benutzt werden kann. Dieses sch\u00f6ne Bauwerk wird mit Sicherheit als &#8220; Frankenstein in die Geschichte der Apfelallee eingehen.<\/p><p>Die anderen Helfer schnitten ein paar B\u00e4ume und befreiten die ganze Allee vom Schnittgut das jetzt in Naturhecken als R\u00fcckzugsort f\u00fcr Tiere dient.<\/p><p>Besonders freute es mich Sieglinde und Bernd als neue Apfelallee-Mitstreiter begr\u00fc\u00dfen zu d\u00fcrfen. Danke nat\u00fcrlich auch an Hans Bartl, Karl-Heinz, Michael Malek, und die zwei Apfelallee -B\u00e4umchen Silas und Felix.<\/p><p>Um 15.00 Uhr war Feierabend und wir gl\u00fccklich und zufrieden und platt.<\/p>ngg_shortcode_1_placeholder\t\t\t\t\t\t\t\t<\/div>\n\t\t\t\t<\/div>\n\t\t\t\t\t<\/div>\n\t\t<\/div>\n\t\t\t\t\t<\/div>\n\t\t<\/section>\n\t\t\t\t<\/div>\n\t\t","protected":false},"excerpt":{"rendered":"<p>\u201eM\u00e4hsport 2.0\u201c \u2013wie m\u00e4ht man 1,8 ha Apfelallee (ein Beitrag von Frank Laske) Nach dem eher beschaulichen Kurs \u201eM\u00e4hen mit der Handsense\u201c (wir berichteten) stand zum Monatswechsel die diesj\u00e4hrige erst Mahd der Apfelallee an.&nbsp; Die Vorstandschaft des OGV war sich einig, dass die Sensenmahd von 18.000 qm Streuobstwiese auch f\u00fcr eine hochmotivierte \u201eM\u00e4hsportgruppe\u201c ein paar [&hellip;]<\/p>\n","protected":false},"author":1,"featured_media":0,"parent":0,"menu_order":0,"comment_status":"closed","ping_status":"closed","template":"elementor_theme","meta":{"ngg_post_thumbnail":0,"footnotes":""},"class_list":["post-334","page","type-page","status-publish","hentry"],"yoast_head":"<!-- This site is optimized with the Yoast SEO plugin v27.6 - https:\/\/yoast.com\/product\/yoast-seo-wordpress\/ -->\n<title>Arbeitseins\u00e4tze - Obst- und Gartenbauverein Amorbach e.V.<\/title>\n<meta name=\"robots\" content=\"index, follow, max-snippet:-1, max-image-preview:large, max-video-preview:-1\" \/>\n<link rel=\"canonical\" href=\"https:\/\/ogv-amorbach.de\/?page_id=334\" \/>\n<meta property=\"og:locale\" content=\"de_DE\" \/>\n<meta property=\"og:type\" content=\"article\" \/>\n<meta property=\"og:title\" content=\"Arbeitseins\u00e4tze - Obst- und Gartenbauverein Amorbach e.V.\" \/>\n<meta property=\"og:description\" content=\"\u201eM\u00e4hsport 2.0\u201c \u2013wie m\u00e4ht man 1,8 ha Apfelallee (ein Beitrag von Frank Laske) Nach dem eher beschaulichen Kurs \u201eM\u00e4hen mit der Handsense\u201c (wir berichteten) stand zum Monatswechsel die diesj\u00e4hrige erst Mahd der Apfelallee an.&nbsp; Die Vorstandschaft des OGV war sich einig, dass die Sensenmahd von 18.000 qm Streuobstwiese auch f\u00fcr eine hochmotivierte \u201eM\u00e4hsportgruppe\u201c ein paar [&hellip;]\" \/>\n<meta property=\"og:url\" content=\"https:\/\/ogv-amorbach.de\/?page_id=334\" \/>\n<meta property=\"og:site_name\" content=\"Obst- und Gartenbauverein Amorbach e.V.\" \/>\n<meta property=\"article:modified_time\" content=\"2022-12-02T14:50:46+00:00\" \/>\n<meta name=\"twitter:card\" content=\"summary_large_image\" \/>\n<meta name=\"twitter:label1\" content=\"Gesch\u00e4tzte Lesezeit\" \/>\n\t<meta name=\"twitter:data1\" content=\"3\u00a0Minuten\" \/>\n<script type=\"application\/ld+json\" class=\"yoast-schema-graph\">{\"@context\":\"https:\\\/\\\/schema.org\",\"@graph\":[{\"@type\":\"WebPage\",\"@id\":\"https:\\\/\\\/ogv-amorbach.de\\\/?page_id=334\",\"url\":\"https:\\\/\\\/ogv-amorbach.de\\\/?page_id=334\",\"name\":\"Arbeitseins\u00e4tze - Obst- und Gartenbauverein Amorbach e.V.\",\"isPartOf\":{\"@id\":\"https:\\\/\\\/ogv-amorbach.de\\\/#website\"},\"datePublished\":\"2022-09-21T18:37:26+00:00\",\"dateModified\":\"2022-12-02T14:50:46+00:00\",\"breadcrumb\":{\"@id\":\"https:\\\/\\\/ogv-amorbach.de\\\/?page_id=334#breadcrumb\"},\"inLanguage\":\"de\",\"potentialAction\":[{\"@type\":\"ReadAction\",\"target\":[\"https:\\\/\\\/ogv-amorbach.de\\\/?page_id=334\"]}]},{\"@type\":\"BreadcrumbList\",\"@id\":\"https:\\\/\\\/ogv-amorbach.de\\\/?page_id=334#breadcrumb\",\"itemListElement\":[{\"@type\":\"ListItem\",\"position\":1,\"name\":\"Home\",\"item\":\"https:\\\/\\\/ogv-amorbach.de\\\/\"},{\"@type\":\"ListItem\",\"position\":2,\"name\":\"Arbeitseins\u00e4tze\"}]},{\"@type\":\"WebSite\",\"@id\":\"https:\\\/\\\/ogv-amorbach.de\\\/#website\",\"url\":\"https:\\\/\\\/ogv-amorbach.de\\\/\",\"name\":\"Obst- und Gartenbauverein Amorbach e.V.\",\"description\":\"\",\"publisher\":{\"@id\":\"https:\\\/\\\/ogv-amorbach.de\\\/#organization\"},\"potentialAction\":[{\"@type\":\"SearchAction\",\"target\":{\"@type\":\"EntryPoint\",\"urlTemplate\":\"https:\\\/\\\/ogv-amorbach.de\\\/?s={search_term_string}\"},\"query-input\":{\"@type\":\"PropertyValueSpecification\",\"valueRequired\":true,\"valueName\":\"search_term_string\"}}],\"inLanguage\":\"de\"},{\"@type\":\"Organization\",\"@id\":\"https:\\\/\\\/ogv-amorbach.de\\\/#organization\",\"name\":\"Obst- und Gartenbauverein Amorbach e.V.\",\"url\":\"https:\\\/\\\/ogv-amorbach.de\\\/\",\"logo\":{\"@type\":\"ImageObject\",\"inLanguage\":\"de\",\"@id\":\"https:\\\/\\\/ogv-amorbach.de\\\/#\\\/schema\\\/logo\\\/image\\\/\",\"url\":\"https:\\\/\\\/ogv-amorbach.de\\\/wp-content\\\/uploads\\\/2022\\\/10\\\/cropped-Logo.png\",\"contentUrl\":\"https:\\\/\\\/ogv-amorbach.de\\\/wp-content\\\/uploads\\\/2022\\\/10\\\/cropped-Logo.png\",\"width\":367,\"height\":223,\"caption\":\"Obst- und Gartenbauverein Amorbach e.V.\"},\"image\":{\"@id\":\"https:\\\/\\\/ogv-amorbach.de\\\/#\\\/schema\\\/logo\\\/image\\\/\"}}]}<\/script>\n<!-- \/ Yoast SEO plugin. -->","yoast_head_json":{"title":"Arbeitseins\u00e4tze - Obst- und Gartenbauverein Amorbach e.V.","robots":{"index":"index","follow":"follow","max-snippet":"max-snippet:-1","max-image-preview":"max-image-preview:large","max-video-preview":"max-video-preview:-1"},"canonical":"https:\/\/ogv-amorbach.de\/?page_id=334","og_locale":"de_DE","og_type":"article","og_title":"Arbeitseins\u00e4tze - Obst- und Gartenbauverein Amorbach e.V.","og_description":"\u201eM\u00e4hsport 2.0\u201c \u2013wie m\u00e4ht man 1,8 ha Apfelallee (ein Beitrag von Frank Laske) Nach dem eher beschaulichen Kurs \u201eM\u00e4hen mit der Handsense\u201c (wir berichteten) stand zum Monatswechsel die diesj\u00e4hrige erst Mahd der Apfelallee an.&nbsp; Die Vorstandschaft des OGV war sich einig, dass die Sensenmahd von 18.000 qm Streuobstwiese auch f\u00fcr eine hochmotivierte \u201eM\u00e4hsportgruppe\u201c ein paar [&hellip;]","og_url":"https:\/\/ogv-amorbach.de\/?page_id=334","og_site_name":"Obst- und Gartenbauverein Amorbach e.V.","article_modified_time":"2022-12-02T14:50:46+00:00","twitter_card":"summary_large_image","twitter_misc":{"Gesch\u00e4tzte Lesezeit":"3\u00a0Minuten"},"schema":{"@context":"https:\/\/schema.org","@graph":[{"@type":"WebPage","@id":"https:\/\/ogv-amorbach.de\/?page_id=334","url":"https:\/\/ogv-amorbach.de\/?page_id=334","name":"Arbeitseins\u00e4tze - Obst- und Gartenbauverein Amorbach e.V.","isPartOf":{"@id":"https:\/\/ogv-amorbach.de\/#website"},"datePublished":"2022-09-21T18:37:26+00:00","dateModified":"2022-12-02T14:50:46+00:00","breadcrumb":{"@id":"https:\/\/ogv-amorbach.de\/?page_id=334#breadcrumb"},"inLanguage":"de","potentialAction":[{"@type":"ReadAction","target":["https:\/\/ogv-amorbach.de\/?page_id=334"]}]},{"@type":"BreadcrumbList","@id":"https:\/\/ogv-amorbach.de\/?page_id=334#breadcrumb","itemListElement":[{"@type":"ListItem","position":1,"name":"Home","item":"https:\/\/ogv-amorbach.de\/"},{"@type":"ListItem","position":2,"name":"Arbeitseins\u00e4tze"}]},{"@type":"WebSite","@id":"https:\/\/ogv-amorbach.de\/#website","url":"https:\/\/ogv-amorbach.de\/","name":"Obst- und Gartenbauverein Amorbach e.V.","description":"","publisher":{"@id":"https:\/\/ogv-amorbach.de\/#organization"},"potentialAction":[{"@type":"SearchAction","target":{"@type":"EntryPoint","urlTemplate":"https:\/\/ogv-amorbach.de\/?s={search_term_string}"},"query-input":{"@type":"PropertyValueSpecification","valueRequired":true,"valueName":"search_term_string"}}],"inLanguage":"de"},{"@type":"Organization","@id":"https:\/\/ogv-amorbach.de\/#organization","name":"Obst- und Gartenbauverein Amorbach e.V.","url":"https:\/\/ogv-amorbach.de\/","logo":{"@type":"ImageObject","inLanguage":"de","@id":"https:\/\/ogv-amorbach.de\/#\/schema\/logo\/image\/","url":"https:\/\/ogv-amorbach.de\/wp-content\/uploads\/2022\/10\/cropped-Logo.png","contentUrl":"https:\/\/ogv-amorbach.de\/wp-content\/uploads\/2022\/10\/cropped-Logo.png","width":367,"height":223,"caption":"Obst- und Gartenbauverein Amorbach e.V."},"image":{"@id":"https:\/\/ogv-amorbach.de\/#\/schema\/logo\/image\/"}}]}},"_links":{"self":[{"href":"https:\/\/ogv-amorbach.de\/index.php?rest_route=\/wp\/v2\/pages\/334","targetHints":{"allow":["GET"]}}],"collection":[{"href":"https:\/\/ogv-amorbach.de\/index.php?rest_route=\/wp\/v2\/pages"}],"about":[{"href":"https:\/\/ogv-amorbach.de\/index.php?rest_route=\/wp\/v2\/types\/page"}],"author":[{"embeddable":true,"href":"https:\/\/ogv-amorbach.de\/index.php?rest_route=\/wp\/v2\/users\/1"}],"replies":[{"embeddable":true,"href":"https:\/\/ogv-amorbach.de\/index.php?rest_route=%2Fwp%2Fv2%2Fcomments&post=334"}],"version-history":[{"count":15,"href":"https:\/\/ogv-amorbach.de\/index.php?rest_route=\/wp\/v2\/pages\/334\/revisions"}],"predecessor-version":[{"id":749,"href":"https:\/\/ogv-amorbach.de\/index.php?rest_route=\/wp\/v2\/pages\/334\/revisions\/749"}],"wp:attachment":[{"href":"https:\/\/ogv-amorbach.de\/index.php?rest_route=%2Fwp%2Fv2%2Fmedia&parent=334"}],"curies":[{"name":"wp","href":"https:\/\/api.w.org\/{rel}","templated":true}]}}