{"id":274,"date":"2022-09-11T11:03:37","date_gmt":"2022-09-11T11:03:37","guid":{"rendered":"https:\/\/ogvamorbach.live-website.com\/?page_id=274"},"modified":"2024-07-16T20:34:05","modified_gmt":"2024-07-16T20:34:05","slug":"aktionen","status":"publish","type":"page","link":"https:\/\/ogv-amorbach.de\/?page_id=274","title":{"rendered":"Aktionen"},"content":{"rendered":"\t\t<div data-elementor-type=\"wp-page\" data-elementor-id=\"274\" class=\"elementor elementor-274\">\n\t\t\t\t\t\t<section class=\"elementor-section elementor-top-section elementor-element elementor-element-2a251aa elementor-section-boxed elementor-section-height-default elementor-section-height-default\" data-id=\"2a251aa\" data-element_type=\"section\" data-e-type=\"section\">\n\t\t\t\t\t\t<div class=\"elementor-container elementor-column-gap-default\">\n\t\t\t\t\t<div class=\"elementor-column elementor-col-100 elementor-top-column elementor-element elementor-element-4ac8ac8\" data-id=\"4ac8ac8\" data-element_type=\"column\" data-e-type=\"column\">\n\t\t\t<div class=\"elementor-widget-wrap elementor-element-populated\">\n\t\t\t\t\t\t<div class=\"elementor-element elementor-element-212eaf7 elementor-widget elementor-widget-text-editor\" data-id=\"212eaf7\" data-element_type=\"widget\" data-e-type=\"widget\" data-widget_type=\"text-editor.default\">\n\t\t\t\t<div class=\"elementor-widget-container\">\n\t\t\t\t\t\t\t\t\t<p><strong>Mistelschnitt in der Amorbacher Apfelallee <\/strong><strong>(ein Beitrag von Frank Laske)<\/strong><\/p>\n<p>\u00a0<\/p>\n<div data-content-text=\"\">\n<p>Nach Apfelernte und Jungbaum-Pflanzaktion stand am Samstag, 12.11.2022 der Mistelschnitt in der Amorbacher Apfelallee auf dem Programm des Obst- und Gartenbauvereins Amorbach e.V.<\/p>\n<p>Mit Hilfe eines Teleskopladers gelangten jeweils zwei Helfer des OGV mit ihrem Schneideger\u00e4t in Apfelbaumregionen, in die wir bisher nicht vorgedrungen waren.<\/p>\n<p>Im hinteren Teil der Allee erhielten so im Tagesverlauf sieben hohe Apfelb\u00e4ume des Altbestandes einen radikalen Mistelschnitt, nahezu alle Misteln konnten entfernt werden. Mit dem geschulten Auge erfahrener OGV-Helfer wurden vom Boden aus zus\u00e4tzlich \u00c4ste f\u00fcr den Restaurationsschnitt bestimmt und bei der jeweiligen Korbfahrt nach Zuruf gleich mit geschnitten.<\/p>\n<p>Geh\u00f6lzschnitt und Misteln wurden am Boden von weiteren Helfern zerlegt und die Mistelzweige f\u00fcr den Verkauf als Advents- und Weihnachtsschmuck aufbereitet.<\/p>\n<p>Der Obst- und Gartenbauverein Amorbach e.V. bedankt sich bei allen Unterst\u00fctzern und Helfern, f\u00fcr Planung, Organisation, Mitarbeit sowie die leckere Verpflegung.<\/p>\n<p><u>Zur Erinnerung:<\/u> die Misteln werden Samstag, 19.11. von 10 \u2013 14 Uhr, am Anwesen Glaser in der Max-Planck-Str. in Amorbach sowie am ersten Adventswochenende auf dem Amorbacher Weihnachtsmarkt zum Verkauf angeboten. Wir freuen uns auf Ihren Besuch.<\/p>\nngg_shortcode_0_placeholder\n<p>\u00a0<\/p>\n<p>\u00a0<\/p>\n<\/div>\n<div>\u00a0<\/div>\t\t\t\t\t\t\t\t<\/div>\n\t\t\t\t<\/div>\n\t\t\t\t\t<\/div>\n\t\t<\/div>\n\t\t\t\t\t<\/div>\n\t\t<\/section>\n\t\t\t\t<section class=\"elementor-section elementor-top-section elementor-element elementor-element-01eb3a3 elementor-section-boxed elementor-section-height-default elementor-section-height-default\" data-id=\"01eb3a3\" data-element_type=\"section\" data-e-type=\"section\">\n\t\t\t\t\t\t<div class=\"elementor-container elementor-column-gap-default\">\n\t\t\t\t\t<div class=\"elementor-column elementor-col-100 elementor-top-column elementor-element elementor-element-c49d14d\" data-id=\"c49d14d\" data-element_type=\"column\" data-e-type=\"column\">\n\t\t\t<div class=\"elementor-widget-wrap\">\n\t\t\t\t\t\t\t<\/div>\n\t\t<\/div>\n\t\t\t\t\t<\/div>\n\t\t<\/section>\n\t\t\t\t<section class=\"elementor-section elementor-top-section elementor-element elementor-element-19ebaf98 elementor-section-boxed elementor-section-height-default elementor-section-height-default\" data-id=\"19ebaf98\" data-element_type=\"section\" data-e-type=\"section\">\n\t\t\t\t\t\t<div class=\"elementor-container elementor-column-gap-default\">\n\t\t\t\t\t<div class=\"elementor-column elementor-col-100 elementor-top-column elementor-element elementor-element-15438ed0\" data-id=\"15438ed0\" data-element_type=\"column\" data-e-type=\"column\">\n\t\t\t<div class=\"elementor-widget-wrap elementor-element-populated\">\n\t\t\t\t\t\t<div class=\"elementor-element elementor-element-3249a906 elementor-widget elementor-widget-text-editor\" data-id=\"3249a906\" data-element_type=\"widget\" data-e-type=\"widget\" data-widget_type=\"text-editor.default\">\n\t\t\t\t<div class=\"elementor-widget-container\">\n\t\t\t\t\t\t\t\t\t<p><\/p>\n<p><strong>M\u00e4hen mit der Handsense (ein Beitrag von Frank Laske)<\/strong><\/p>\n<p><\/p>\n<p><\/p>\n<p>Am Samstag, 11.06.2022 fand in der Apfelallee im Otterbacher Tal der Kurs \u201eM\u00e4hen mit der Handsense\u201c statt.<\/p>\n<p><\/p>\n<p><\/p>\n<p>Zw\u00f6lf ganz unterschiedliche Teilnehmer, von alten M\u00e4hhasen bis zu ehrgeizigen Nachwuchsm\u00e4hern waren der Einladung des Obst- und Gartenbauvereins Amorbach gefolgt und erlebten einen h\u00f6chst kurzweiligen Vormittag. Nach dem Theorie-Teil mit einem von allen Kursteilnehmern erworbenen Handbuch, in dem \u00fcber die Bestandteile der Sense und deren richtige Einstellung auf die M\u00e4herin\/ den M\u00e4her gesprochen wurde, ging es unter fachkundigem Blick von Alfred, einem Sensenm\u00e4her aus Balsbach mit jahrzehntelanger M\u00e4herfahrung, direkt in die Praxis. Die Kursteilnehmer zogen ihre ersten Bahnen, wurden bei falscher Haltung korrigiert und erhielten Tipps und Kniffe, damit das M\u00e4hen gr\u00f6\u00dferer Fl\u00e4chen sp\u00e4ter leichter von der Hand geht. Hier wurden auch die Vorteile des alten Handwerks deutlich: ruhig und ohne L\u00e4rm, fast schon meditativ wird mitten in der sch\u00f6nen Natur gearbeitet.<\/p>\n<p><\/p>\n<p><\/p>\n<p>Gest\u00e4rkt durch eine Vesper erfuhren die Teilnehmer anschlie\u00dfend, wie stumpfe Sensen mit der richtigen Dengel-Technik wieder scharf gemacht werden und konnten die Vorz\u00fcge eines Dengelapparates in der Praxis ausprobieren. Abschlie\u00dfend zogen die Kursteilnehmer noch einige Bahnen, bevor es wieder ans Abbauen ging.<\/p>\n<p><\/p>\n<p><\/p>\n<p>Der Obst- und Gartenbauverein Amorbach e.V. bedankt sich bei allen Unterst\u00fctzern und Helfern, f\u00fcr Planung, Organisation, Auswahl der Fachliteratur, praktische Anleitung sowie die Verpflegung. Alle Teilnehmer gingen mit zus\u00e4tzlichen Impulsen nach Hause und k\u00f6nnen ab sofort durch flei\u00dfiges \u00dcben das an diesem Tag Erlernte festigen. Auf bald in der \u201eM\u00e4hsportgruppe\u201c.<\/p>\n<p><strong>ngg_shortcode_1_placeholder<\/strong><\/p>\n<p>\u00a0<\/p>\n<p><\/p>\n<p><\/p>\n<p>\u00a0<\/p>\n<p><\/p>\t\t\t\t\t\t\t\t<\/div>\n\t\t\t\t<\/div>\n\t\t\t\t\t<\/div>\n\t\t<\/div>\n\t\t\t\t\t<\/div>\n\t\t<\/section>\n\t\t\t\t<section class=\"elementor-section elementor-top-section elementor-element elementor-element-1effafa elementor-section-boxed elementor-section-height-default elementor-section-height-default\" data-id=\"1effafa\" data-element_type=\"section\" data-e-type=\"section\">\n\t\t\t\t\t\t<div class=\"elementor-container elementor-column-gap-default\">\n\t\t\t\t\t<div class=\"elementor-column elementor-col-100 elementor-top-column elementor-element elementor-element-96eff5e\" data-id=\"96eff5e\" data-element_type=\"column\" data-e-type=\"column\">\n\t\t\t<div class=\"elementor-widget-wrap elementor-element-populated\">\n\t\t\t\t\t\t<div class=\"elementor-element elementor-element-4d3b5aa elementor-widget elementor-widget-text-editor\" data-id=\"4d3b5aa\" data-element_type=\"widget\" data-e-type=\"widget\" data-widget_type=\"text-editor.default\">\n\t\t\t\t<div class=\"elementor-widget-container\">\n\t\t\t\t\t\t\t\t\t<div><b><b><\/b><\/b>\n<div><b>Spazierg\u00e4nge durch die bl\u00fchende Apfelallee (ein Beitrag von Frank Laske)<\/b><\/div>\n<div>\u00a0<\/div>\n<div>\n<div data-content-text=\"\">\n<p>Am Sonntag, 01.05.2022 konnte der Obst- und Gartenbauverein Amorbach zahlreiche Besucher zu gef\u00fchrten Spazierg\u00e4ngen durch die bl\u00fchende Apfelallee begr\u00fc\u00dfen.<\/p>\n<p>Bei sch\u00f6nem Wetter begleiteten die Vereinsmitglieder ihre Besucher in Gruppen durch die Apfelallee, erz\u00e4hlten dabei Wissenswertes \u00fcber die Geschichte der Allee, die alten Apfel- und Birnb\u00e4ume und berichteten \u00fcber ihre Vereinsarbeit bei Baumschnitt, M\u00e4hen, Apfelernte und Baumpflanzaktion, sowie von den Vereinsprojekten des letzten Jahres, die nun in Form von B\u00e4nken und Infotafeln die Besucher der Allee erfreuen.<\/p>\n<p>Nahe der Sitzgruppe, die schon ein beliebter Picknickplatz geworden ist, war ein Zelt mit Infostand aufgebaut und die Besucher hatten die M\u00f6glichkeit sich abschlie\u00dfend mit einer kleinen Wegverpflegung zu versorgen.<\/p>\n<p>\u00a0<\/p>\n<p>Die Vorstandschaft des Obst- und Gartenbauvereins Amorbach bedankt sich bei allen Besuchern und Helfern, die diesen sch\u00f6nen Maiauftakt m\u00f6glich gemacht haben.<\/p>\n<\/div>\n<\/div>\n<b><a href=\"https:\/\/ogv-amorbach.de\/wp-content\/uploads\/2022\/09\/Spaziergang.jpg\"><img fetchpriority=\"high\" decoding=\"async\" class=\"aligncenter size-large wp-image-286\" src=\"https:\/\/ogv-amorbach.de\/wp-content\/uploads\/2022\/09\/Spaziergang-1024x768.jpg\" alt=\"\" width=\"800\" height=\"600\" srcset=\"https:\/\/ogv-amorbach.de\/wp-content\/uploads\/2022\/09\/Spaziergang-1024x768.jpg 1024w, https:\/\/ogv-amorbach.de\/wp-content\/uploads\/2022\/09\/Spaziergang-300x225.jpg 300w, https:\/\/ogv-amorbach.de\/wp-content\/uploads\/2022\/09\/Spaziergang-768x576.jpg 768w, https:\/\/ogv-amorbach.de\/wp-content\/uploads\/2022\/09\/Spaziergang-1536x1152.jpg 1536w, https:\/\/ogv-amorbach.de\/wp-content\/uploads\/2022\/09\/Spaziergang.jpg 2048w\" sizes=\"(max-width: 800px) 100vw, 800px\" \/><\/a><\/b><\/div>\t\t\t\t\t\t\t\t<\/div>\n\t\t\t\t<\/div>\n\t\t\t\t\t<\/div>\n\t\t<\/div>\n\t\t\t\t\t<\/div>\n\t\t<\/section>\n\t\t\t\t<section class=\"elementor-section elementor-top-section elementor-element elementor-element-4a3d038 elementor-section-boxed elementor-section-height-default elementor-section-height-default\" data-id=\"4a3d038\" data-element_type=\"section\" data-e-type=\"section\">\n\t\t\t\t\t\t<div class=\"elementor-container elementor-column-gap-default\">\n\t\t\t\t\t<div class=\"elementor-column elementor-col-100 elementor-top-column elementor-element elementor-element-4d09f71\" data-id=\"4d09f71\" data-element_type=\"column\" data-e-type=\"column\">\n\t\t\t<div class=\"elementor-widget-wrap\">\n\t\t\t\t\t\t\t<\/div>\n\t\t<\/div>\n\t\t\t\t\t<\/div>\n\t\t<\/section>\n\t\t\t\t<\/div>\n\t\t","protected":false},"excerpt":{"rendered":"<p>Mistelschnitt in der Amorbacher Apfelallee (ein Beitrag von Frank Laske) Nach Apfelernte und Jungbaum-Pflanzaktion stand am Samstag, 12.11.2022 der Mistelschnitt in der Amorbacher Apfelallee auf dem Programm des Obst- und Gartenbauvereins Amorbach e.V. Mit Hilfe eines Teleskopladers gelangten jeweils zwei Helfer des OGV mit ihrem Schneideger\u00e4t in Apfelbaumregionen, in die wir bisher nicht vorgedrungen waren. [&hellip;]<\/p>\n","protected":false},"author":1,"featured_media":0,"parent":0,"menu_order":0,"comment_status":"closed","ping_status":"closed","template":"","meta":{"ngg_post_thumbnail":0,"footnotes":""},"class_list":["post-274","page","type-page","status-publish","hentry"],"yoast_head":"<!-- This site is optimized with the Yoast SEO plugin v27.6 - https:\/\/yoast.com\/product\/yoast-seo-wordpress\/ -->\n<title>Aktionen - Obst- und Gartenbauverein Amorbach e.V.<\/title>\n<meta name=\"description\" content=\"Was ist los beim OGV? Beschreibung der Vereinsaktivit\u00e4ten des OGV Amorbach e.v. Arbeitseins\u00e4tze, Bilderstrecken, Berichte etc\" \/>\n<meta name=\"robots\" content=\"index, follow, max-snippet:-1, max-image-preview:large, max-video-preview:-1\" \/>\n<link rel=\"canonical\" href=\"https:\/\/ogv-amorbach.de\/?page_id=274\" \/>\n<meta property=\"og:locale\" content=\"de_DE\" \/>\n<meta property=\"og:type\" content=\"article\" \/>\n<meta property=\"og:title\" content=\"Aktionen - Obst- und Gartenbauverein Amorbach e.V.\" \/>\n<meta property=\"og:description\" content=\"Was ist los beim OGV? Beschreibung der Vereinsaktivit\u00e4ten des OGV Amorbach e.v. Arbeitseins\u00e4tze, Bilderstrecken, Berichte etc\" \/>\n<meta property=\"og:url\" content=\"https:\/\/ogv-amorbach.de\/?page_id=274\" \/>\n<meta property=\"og:site_name\" content=\"Obst- und Gartenbauverein Amorbach e.V.\" \/>\n<meta property=\"article:modified_time\" content=\"2024-07-16T20:34:05+00:00\" \/>\n<meta property=\"og:image\" content=\"https:\/\/ogv-amorbach.de\/wp-content\/uploads\/2022\/09\/Spaziergang-1024x768.jpg\" \/>\n<meta name=\"twitter:card\" content=\"summary_large_image\" \/>\n<meta name=\"twitter:label1\" content=\"Gesch\u00e4tzte Lesezeit\" \/>\n\t<meta name=\"twitter:data1\" content=\"4\u00a0Minuten\" \/>\n<script type=\"application\/ld+json\" class=\"yoast-schema-graph\">{\"@context\":\"https:\\\/\\\/schema.org\",\"@graph\":[{\"@type\":\"WebPage\",\"@id\":\"https:\\\/\\\/ogv-amorbach.de\\\/?page_id=274\",\"url\":\"https:\\\/\\\/ogv-amorbach.de\\\/?page_id=274\",\"name\":\"Aktionen - Obst- und Gartenbauverein Amorbach e.V.\",\"isPartOf\":{\"@id\":\"https:\\\/\\\/ogv-amorbach.de\\\/#website\"},\"primaryImageOfPage\":{\"@id\":\"https:\\\/\\\/ogv-amorbach.de\\\/?page_id=274#primaryimage\"},\"image\":{\"@id\":\"https:\\\/\\\/ogv-amorbach.de\\\/?page_id=274#primaryimage\"},\"thumbnailUrl\":\"https:\\\/\\\/ogv-amorbach.de\\\/wp-content\\\/uploads\\\/2022\\\/09\\\/Spaziergang-1024x768.jpg\",\"datePublished\":\"2022-09-11T11:03:37+00:00\",\"dateModified\":\"2024-07-16T20:34:05+00:00\",\"description\":\"Was ist los beim OGV? Beschreibung der Vereinsaktivit\u00e4ten des OGV Amorbach e.v. Arbeitseins\u00e4tze, Bilderstrecken, Berichte etc\",\"breadcrumb\":{\"@id\":\"https:\\\/\\\/ogv-amorbach.de\\\/?page_id=274#breadcrumb\"},\"inLanguage\":\"de\",\"potentialAction\":[{\"@type\":\"ReadAction\",\"target\":[\"https:\\\/\\\/ogv-amorbach.de\\\/?page_id=274\"]}]},{\"@type\":\"ImageObject\",\"inLanguage\":\"de\",\"@id\":\"https:\\\/\\\/ogv-amorbach.de\\\/?page_id=274#primaryimage\",\"url\":\"https:\\\/\\\/ogv-amorbach.de\\\/wp-content\\\/uploads\\\/2022\\\/09\\\/Spaziergang.jpg\",\"contentUrl\":\"https:\\\/\\\/ogv-amorbach.de\\\/wp-content\\\/uploads\\\/2022\\\/09\\\/Spaziergang.jpg\",\"width\":2048,\"height\":1536},{\"@type\":\"BreadcrumbList\",\"@id\":\"https:\\\/\\\/ogv-amorbach.de\\\/?page_id=274#breadcrumb\",\"itemListElement\":[{\"@type\":\"ListItem\",\"position\":1,\"name\":\"Home\",\"item\":\"https:\\\/\\\/ogv-amorbach.de\\\/\"},{\"@type\":\"ListItem\",\"position\":2,\"name\":\"Aktionen\"}]},{\"@type\":\"WebSite\",\"@id\":\"https:\\\/\\\/ogv-amorbach.de\\\/#website\",\"url\":\"https:\\\/\\\/ogv-amorbach.de\\\/\",\"name\":\"Obst- und Gartenbauverein Amorbach e.V.\",\"description\":\"\",\"publisher\":{\"@id\":\"https:\\\/\\\/ogv-amorbach.de\\\/#organization\"},\"potentialAction\":[{\"@type\":\"SearchAction\",\"target\":{\"@type\":\"EntryPoint\",\"urlTemplate\":\"https:\\\/\\\/ogv-amorbach.de\\\/?s={search_term_string}\"},\"query-input\":{\"@type\":\"PropertyValueSpecification\",\"valueRequired\":true,\"valueName\":\"search_term_string\"}}],\"inLanguage\":\"de\"},{\"@type\":\"Organization\",\"@id\":\"https:\\\/\\\/ogv-amorbach.de\\\/#organization\",\"name\":\"Obst- und Gartenbauverein Amorbach e.V.\",\"url\":\"https:\\\/\\\/ogv-amorbach.de\\\/\",\"logo\":{\"@type\":\"ImageObject\",\"inLanguage\":\"de\",\"@id\":\"https:\\\/\\\/ogv-amorbach.de\\\/#\\\/schema\\\/logo\\\/image\\\/\",\"url\":\"https:\\\/\\\/ogv-amorbach.de\\\/wp-content\\\/uploads\\\/2022\\\/10\\\/cropped-Logo.png\",\"contentUrl\":\"https:\\\/\\\/ogv-amorbach.de\\\/wp-content\\\/uploads\\\/2022\\\/10\\\/cropped-Logo.png\",\"width\":367,\"height\":223,\"caption\":\"Obst- und Gartenbauverein Amorbach e.V.\"},\"image\":{\"@id\":\"https:\\\/\\\/ogv-amorbach.de\\\/#\\\/schema\\\/logo\\\/image\\\/\"}}]}<\/script>\n<!-- \/ Yoast SEO plugin. -->","yoast_head_json":{"title":"Aktionen - Obst- und Gartenbauverein Amorbach e.V.","description":"Was ist los beim OGV? Beschreibung der Vereinsaktivit\u00e4ten des OGV Amorbach e.v. Arbeitseins\u00e4tze, Bilderstrecken, Berichte etc","robots":{"index":"index","follow":"follow","max-snippet":"max-snippet:-1","max-image-preview":"max-image-preview:large","max-video-preview":"max-video-preview:-1"},"canonical":"https:\/\/ogv-amorbach.de\/?page_id=274","og_locale":"de_DE","og_type":"article","og_title":"Aktionen - Obst- und Gartenbauverein Amorbach e.V.","og_description":"Was ist los beim OGV? Beschreibung der Vereinsaktivit\u00e4ten des OGV Amorbach e.v. Arbeitseins\u00e4tze, Bilderstrecken, Berichte etc","og_url":"https:\/\/ogv-amorbach.de\/?page_id=274","og_site_name":"Obst- und Gartenbauverein Amorbach e.V.","article_modified_time":"2024-07-16T20:34:05+00:00","og_image":[{"url":"https:\/\/ogv-amorbach.de\/wp-content\/uploads\/2022\/09\/Spaziergang-1024x768.jpg","type":"","width":"","height":""}],"twitter_card":"summary_large_image","twitter_misc":{"Gesch\u00e4tzte Lesezeit":"4\u00a0Minuten"},"schema":{"@context":"https:\/\/schema.org","@graph":[{"@type":"WebPage","@id":"https:\/\/ogv-amorbach.de\/?page_id=274","url":"https:\/\/ogv-amorbach.de\/?page_id=274","name":"Aktionen - Obst- und Gartenbauverein Amorbach e.V.","isPartOf":{"@id":"https:\/\/ogv-amorbach.de\/#website"},"primaryImageOfPage":{"@id":"https:\/\/ogv-amorbach.de\/?page_id=274#primaryimage"},"image":{"@id":"https:\/\/ogv-amorbach.de\/?page_id=274#primaryimage"},"thumbnailUrl":"https:\/\/ogv-amorbach.de\/wp-content\/uploads\/2022\/09\/Spaziergang-1024x768.jpg","datePublished":"2022-09-11T11:03:37+00:00","dateModified":"2024-07-16T20:34:05+00:00","description":"Was ist los beim OGV? Beschreibung der Vereinsaktivit\u00e4ten des OGV Amorbach e.v. Arbeitseins\u00e4tze, Bilderstrecken, Berichte etc","breadcrumb":{"@id":"https:\/\/ogv-amorbach.de\/?page_id=274#breadcrumb"},"inLanguage":"de","potentialAction":[{"@type":"ReadAction","target":["https:\/\/ogv-amorbach.de\/?page_id=274"]}]},{"@type":"ImageObject","inLanguage":"de","@id":"https:\/\/ogv-amorbach.de\/?page_id=274#primaryimage","url":"https:\/\/ogv-amorbach.de\/wp-content\/uploads\/2022\/09\/Spaziergang.jpg","contentUrl":"https:\/\/ogv-amorbach.de\/wp-content\/uploads\/2022\/09\/Spaziergang.jpg","width":2048,"height":1536},{"@type":"BreadcrumbList","@id":"https:\/\/ogv-amorbach.de\/?page_id=274#breadcrumb","itemListElement":[{"@type":"ListItem","position":1,"name":"Home","item":"https:\/\/ogv-amorbach.de\/"},{"@type":"ListItem","position":2,"name":"Aktionen"}]},{"@type":"WebSite","@id":"https:\/\/ogv-amorbach.de\/#website","url":"https:\/\/ogv-amorbach.de\/","name":"Obst- und Gartenbauverein Amorbach e.V.","description":"","publisher":{"@id":"https:\/\/ogv-amorbach.de\/#organization"},"potentialAction":[{"@type":"SearchAction","target":{"@type":"EntryPoint","urlTemplate":"https:\/\/ogv-amorbach.de\/?s={search_term_string}"},"query-input":{"@type":"PropertyValueSpecification","valueRequired":true,"valueName":"search_term_string"}}],"inLanguage":"de"},{"@type":"Organization","@id":"https:\/\/ogv-amorbach.de\/#organization","name":"Obst- und Gartenbauverein Amorbach e.V.","url":"https:\/\/ogv-amorbach.de\/","logo":{"@type":"ImageObject","inLanguage":"de","@id":"https:\/\/ogv-amorbach.de\/#\/schema\/logo\/image\/","url":"https:\/\/ogv-amorbach.de\/wp-content\/uploads\/2022\/10\/cropped-Logo.png","contentUrl":"https:\/\/ogv-amorbach.de\/wp-content\/uploads\/2022\/10\/cropped-Logo.png","width":367,"height":223,"caption":"Obst- und Gartenbauverein Amorbach e.V."},"image":{"@id":"https:\/\/ogv-amorbach.de\/#\/schema\/logo\/image\/"}}]}},"_links":{"self":[{"href":"https:\/\/ogv-amorbach.de\/index.php?rest_route=\/wp\/v2\/pages\/274","targetHints":{"allow":["GET"]}}],"collection":[{"href":"https:\/\/ogv-amorbach.de\/index.php?rest_route=\/wp\/v2\/pages"}],"about":[{"href":"https:\/\/ogv-amorbach.de\/index.php?rest_route=\/wp\/v2\/types\/page"}],"author":[{"embeddable":true,"href":"https:\/\/ogv-amorbach.de\/index.php?rest_route=\/wp\/v2\/users\/1"}],"replies":[{"embeddable":true,"href":"https:\/\/ogv-amorbach.de\/index.php?rest_route=%2Fwp%2Fv2%2Fcomments&post=274"}],"version-history":[{"count":33,"href":"https:\/\/ogv-amorbach.de\/index.php?rest_route=\/wp\/v2\/pages\/274\/revisions"}],"predecessor-version":[{"id":748,"href":"https:\/\/ogv-amorbach.de\/index.php?rest_route=\/wp\/v2\/pages\/274\/revisions\/748"}],"wp:attachment":[{"href":"https:\/\/ogv-amorbach.de\/index.php?rest_route=%2Fwp%2Fv2%2Fmedia&parent=274"}],"curies":[{"name":"wp","href":"https:\/\/api.w.org\/{rel}","templated":true}]}}