{"id":2404,"date":"2026-03-28T18:11:25","date_gmt":"2026-03-28T18:11:25","guid":{"rendered":"https:\/\/ogv-amorbach.de\/?page_id=2404"},"modified":"2026-03-28T18:35:02","modified_gmt":"2026-03-28T18:35:02","slug":"gaestebuch-in-der-apfelallee","status":"publish","type":"page","link":"https:\/\/ogv-amorbach.de\/?page_id=2404","title":{"rendered":"G\u00e4stebuch"},"content":{"rendered":"\n\n\n<div class=\"wp-block-columns is-layout-flex wp-container-core-columns-is-layout-28f84493 wp-block-columns-is-layout-flex\">\n<div class=\"wp-block-column is-layout-flow wp-block-column-is-layout-flow\" style=\"flex-basis:100%\">\n<p>Liebe Freunde der Apfelallee,<br><br>hier zeigen wir Euch die Eintr\u00e4ge unseres G\u00e4stebuches, welches Ihr an der Sitzgruppe im Briefkasten finden k\u00f6nnt. Von Zeit zu Zeit fotografieren wir die Eintr\u00e4ge und zeigen sie hier auf der Seite.<br><br>Viel Spa\u00df damit!<br><\/p>\n<\/div>\n<\/div>\n\n\nngg_shortcode_0_placeholder\n","protected":false},"excerpt":{"rendered":"<p>Liebe Freunde der Apfelallee, hier zeigen wir Euch die Eintr\u00e4ge unseres G\u00e4stebuches, welches Ihr an der Sitzgruppe im Briefkasten finden k\u00f6nnt. Von Zeit zu Zeit fotografieren wir die Eintr\u00e4ge und zeigen sie hier auf der Seite. Viel Spa\u00df damit!<\/p>\n","protected":false},"author":1,"featured_media":0,"parent":0,"menu_order":0,"comment_status":"closed","ping_status":"closed","template":"","meta":{"ngg_post_thumbnail":0,"footnotes":""},"class_list":["post-2404","page","type-page","status-publish","hentry"],"yoast_head":"<!-- This site is optimized with the Yoast SEO plugin v27.6 - https:\/\/yoast.com\/product\/yoast-seo-wordpress\/ -->\n<title>G\u00e4stebuch - Obst- und Gartenbauverein Amorbach e.V.<\/title>\n<meta name=\"description\" content=\"G\u00e4stebuch in der Apfelallee\" \/>\n<meta name=\"robots\" content=\"index, follow, max-snippet:-1, max-image-preview:large, max-video-preview:-1\" \/>\n<link rel=\"canonical\" href=\"https:\/\/ogv-amorbach.de\/?page_id=2404\" \/>\n<meta property=\"og:locale\" content=\"de_DE\" \/>\n<meta property=\"og:type\" content=\"article\" \/>\n<meta property=\"og:title\" content=\"G\u00e4stebuch - Obst- und Gartenbauverein Amorbach e.V.\" \/>\n<meta property=\"og:description\" content=\"G\u00e4stebuch in der Apfelallee\" \/>\n<meta property=\"og:url\" content=\"https:\/\/ogv-amorbach.de\/?page_id=2404\" \/>\n<meta property=\"og:site_name\" content=\"Obst- und Gartenbauverein Amorbach e.V.\" \/>\n<meta property=\"article:modified_time\" content=\"2026-03-28T18:35:02+00:00\" \/>\n<meta name=\"twitter:card\" content=\"summary_large_image\" \/>\n<meta name=\"twitter:label1\" content=\"Gesch\u00e4tzte Lesezeit\" \/>\n\t<meta name=\"twitter:data1\" content=\"1\u00a0Minute\" \/>\n<script type=\"application\/ld+json\" class=\"yoast-schema-graph\">{\"@context\":\"https:\\\/\\\/schema.org\",\"@graph\":[{\"@type\":\"WebPage\",\"@id\":\"https:\\\/\\\/ogv-amorbach.de\\\/?page_id=2404\",\"url\":\"https:\\\/\\\/ogv-amorbach.de\\\/?page_id=2404\",\"name\":\"G\u00e4stebuch - Obst- und Gartenbauverein Amorbach e.V.\",\"isPartOf\":{\"@id\":\"https:\\\/\\\/ogv-amorbach.de\\\/#website\"},\"datePublished\":\"2026-03-28T18:11:25+00:00\",\"dateModified\":\"2026-03-28T18:35:02+00:00\",\"description\":\"G\u00e4stebuch in der Apfelallee\",\"breadcrumb\":{\"@id\":\"https:\\\/\\\/ogv-amorbach.de\\\/?page_id=2404#breadcrumb\"},\"inLanguage\":\"de\",\"potentialAction\":[{\"@type\":\"ReadAction\",\"target\":[\"https:\\\/\\\/ogv-amorbach.de\\\/?page_id=2404\"]}]},{\"@type\":\"BreadcrumbList\",\"@id\":\"https:\\\/\\\/ogv-amorbach.de\\\/?page_id=2404#breadcrumb\",\"itemListElement\":[{\"@type\":\"ListItem\",\"position\":1,\"name\":\"Home\",\"item\":\"https:\\\/\\\/ogv-amorbach.de\\\/\"},{\"@type\":\"ListItem\",\"position\":2,\"name\":\"G\u00e4stebuch\"}]},{\"@type\":\"WebSite\",\"@id\":\"https:\\\/\\\/ogv-amorbach.de\\\/#website\",\"url\":\"https:\\\/\\\/ogv-amorbach.de\\\/\",\"name\":\"Obst- und Gartenbauverein Amorbach e.V.\",\"description\":\"\",\"publisher\":{\"@id\":\"https:\\\/\\\/ogv-amorbach.de\\\/#organization\"},\"potentialAction\":[{\"@type\":\"SearchAction\",\"target\":{\"@type\":\"EntryPoint\",\"urlTemplate\":\"https:\\\/\\\/ogv-amorbach.de\\\/?s={search_term_string}\"},\"query-input\":{\"@type\":\"PropertyValueSpecification\",\"valueRequired\":true,\"valueName\":\"search_term_string\"}}],\"inLanguage\":\"de\"},{\"@type\":\"Organization\",\"@id\":\"https:\\\/\\\/ogv-amorbach.de\\\/#organization\",\"name\":\"Obst- und Gartenbauverein Amorbach e.V.\",\"url\":\"https:\\\/\\\/ogv-amorbach.de\\\/\",\"logo\":{\"@type\":\"ImageObject\",\"inLanguage\":\"de\",\"@id\":\"https:\\\/\\\/ogv-amorbach.de\\\/#\\\/schema\\\/logo\\\/image\\\/\",\"url\":\"https:\\\/\\\/ogv-amorbach.de\\\/wp-content\\\/uploads\\\/2022\\\/10\\\/cropped-Logo.png\",\"contentUrl\":\"https:\\\/\\\/ogv-amorbach.de\\\/wp-content\\\/uploads\\\/2022\\\/10\\\/cropped-Logo.png\",\"width\":367,\"height\":223,\"caption\":\"Obst- und Gartenbauverein Amorbach e.V.\"},\"image\":{\"@id\":\"https:\\\/\\\/ogv-amorbach.de\\\/#\\\/schema\\\/logo\\\/image\\\/\"}}]}<\/script>\n<!-- \/ Yoast SEO plugin. -->","yoast_head_json":{"title":"G\u00e4stebuch - Obst- und Gartenbauverein Amorbach e.V.","description":"G\u00e4stebuch in der Apfelallee","robots":{"index":"index","follow":"follow","max-snippet":"max-snippet:-1","max-image-preview":"max-image-preview:large","max-video-preview":"max-video-preview:-1"},"canonical":"https:\/\/ogv-amorbach.de\/?page_id=2404","og_locale":"de_DE","og_type":"article","og_title":"G\u00e4stebuch - Obst- und Gartenbauverein Amorbach e.V.","og_description":"G\u00e4stebuch in der Apfelallee","og_url":"https:\/\/ogv-amorbach.de\/?page_id=2404","og_site_name":"Obst- und Gartenbauverein Amorbach e.V.","article_modified_time":"2026-03-28T18:35:02+00:00","twitter_card":"summary_large_image","twitter_misc":{"Gesch\u00e4tzte Lesezeit":"1\u00a0Minute"},"schema":{"@context":"https:\/\/schema.org","@graph":[{"@type":"WebPage","@id":"https:\/\/ogv-amorbach.de\/?page_id=2404","url":"https:\/\/ogv-amorbach.de\/?page_id=2404","name":"G\u00e4stebuch - Obst- und Gartenbauverein Amorbach e.V.","isPartOf":{"@id":"https:\/\/ogv-amorbach.de\/#website"},"datePublished":"2026-03-28T18:11:25+00:00","dateModified":"2026-03-28T18:35:02+00:00","description":"G\u00e4stebuch in der Apfelallee","breadcrumb":{"@id":"https:\/\/ogv-amorbach.de\/?page_id=2404#breadcrumb"},"inLanguage":"de","potentialAction":[{"@type":"ReadAction","target":["https:\/\/ogv-amorbach.de\/?page_id=2404"]}]},{"@type":"BreadcrumbList","@id":"https:\/\/ogv-amorbach.de\/?page_id=2404#breadcrumb","itemListElement":[{"@type":"ListItem","position":1,"name":"Home","item":"https:\/\/ogv-amorbach.de\/"},{"@type":"ListItem","position":2,"name":"G\u00e4stebuch"}]},{"@type":"WebSite","@id":"https:\/\/ogv-amorbach.de\/#website","url":"https:\/\/ogv-amorbach.de\/","name":"Obst- und Gartenbauverein Amorbach e.V.","description":"","publisher":{"@id":"https:\/\/ogv-amorbach.de\/#organization"},"potentialAction":[{"@type":"SearchAction","target":{"@type":"EntryPoint","urlTemplate":"https:\/\/ogv-amorbach.de\/?s={search_term_string}"},"query-input":{"@type":"PropertyValueSpecification","valueRequired":true,"valueName":"search_term_string"}}],"inLanguage":"de"},{"@type":"Organization","@id":"https:\/\/ogv-amorbach.de\/#organization","name":"Obst- und Gartenbauverein Amorbach e.V.","url":"https:\/\/ogv-amorbach.de\/","logo":{"@type":"ImageObject","inLanguage":"de","@id":"https:\/\/ogv-amorbach.de\/#\/schema\/logo\/image\/","url":"https:\/\/ogv-amorbach.de\/wp-content\/uploads\/2022\/10\/cropped-Logo.png","contentUrl":"https:\/\/ogv-amorbach.de\/wp-content\/uploads\/2022\/10\/cropped-Logo.png","width":367,"height":223,"caption":"Obst- und Gartenbauverein Amorbach e.V."},"image":{"@id":"https:\/\/ogv-amorbach.de\/#\/schema\/logo\/image\/"}}]}},"_links":{"self":[{"href":"https:\/\/ogv-amorbach.de\/index.php?rest_route=\/wp\/v2\/pages\/2404","targetHints":{"allow":["GET"]}}],"collection":[{"href":"https:\/\/ogv-amorbach.de\/index.php?rest_route=\/wp\/v2\/pages"}],"about":[{"href":"https:\/\/ogv-amorbach.de\/index.php?rest_route=\/wp\/v2\/types\/page"}],"author":[{"embeddable":true,"href":"https:\/\/ogv-amorbach.de\/index.php?rest_route=\/wp\/v2\/users\/1"}],"replies":[{"embeddable":true,"href":"https:\/\/ogv-amorbach.de\/index.php?rest_route=%2Fwp%2Fv2%2Fcomments&post=2404"}],"version-history":[{"count":9,"href":"https:\/\/ogv-amorbach.de\/index.php?rest_route=\/wp\/v2\/pages\/2404\/revisions"}],"predecessor-version":[{"id":2427,"href":"https:\/\/ogv-amorbach.de\/index.php?rest_route=\/wp\/v2\/pages\/2404\/revisions\/2427"}],"wp:attachment":[{"href":"https:\/\/ogv-amorbach.de\/index.php?rest_route=%2Fwp%2Fv2%2Fmedia&parent=2404"}],"curies":[{"name":"wp","href":"https:\/\/api.w.org\/{rel}","templated":true}]}}