{"id":2321,"date":"2025-10-24T20:06:15","date_gmt":"2025-10-24T20:06:15","guid":{"rendered":"https:\/\/ogv-amorbach.de\/?page_id=2321"},"modified":"2025-10-24T20:14:54","modified_gmt":"2025-10-24T20:14:54","slug":"elementor-2321","status":"publish","type":"page","link":"https:\/\/ogv-amorbach.de\/?page_id=2321","title":{"rendered":"Wendelinusmarkt 2025"},"content":{"rendered":"<h2>Wendelinsumarkt 2025<\/h2>\n<p><strong>Apfelsaftkeltern des Obst- und Gartenbauvereins am Wendelinusmarkt 2025 in Amorbach<\/strong><\/p>\n<p>Am 18.+19. Oktober 2025 fand in Amorbach der traditionelle Wendelinusmarkt statt. Wie jedes Jahr beteiligte sich der Obst- und Gartenbauverein mit einer eigenen Aktion: dem Apfelsaftkeltern.<\/p>\n<p>\u00a0<\/p>\n<p>Die Vorbereitungen f\u00fcr das Apfelsaftkeltern begannen bereits einige Wochen vor dem Markt. Mitglieder und Helfer sammelten \u00c4pfel aus der Apfelallee, organisierten die Kelteranlage und bereiteten den Stand vor. Am Markttag selbst startete das Keltern p\u00fcnktlich um 10 Uhr. \u00dcber den gesamten Tag hinweg waren Vereinsmitglieder vor Ort, um den Prozess zu erkl\u00e4ren, Fragen zu beantworten und frisch gepressten Apfelsaft auszuschenken.<\/p>\n<p>Die Aktion wurde von den Marktbesuchern sehr gut angenommen. Besonders Familien mit Kindern zeigten gro\u00dfes Interesse daran, den Keltervorgang hautnah mitzuerleben. Einige Kinder packten begeistert mit an, wuschen \u00c4pfel und halfen beim Pressen. F\u00fcr viele war es ein besonderes Erlebnis, den eigenen Apfelsaft direkt zu probieren.<\/p>\n<p>Auch \u00e4ltere Besucher erinnerten sich an fr\u00fchere Zeiten und lobten die traditionelle Handwerkskunst. Insgesamt war der Stand w\u00e4hrend der gesamten Tage gut besucht, zeitweise bildeten sich sogar kleine Schlangen.<\/p>\n<p>Der frisch gepresste Saft erhielt durchweg positives Feedback. Die Kombination aus verschiedenen Apfelsorten sorgte f\u00fcr einen ausgewogenen, aromatischen Geschmack. Mehrere Besucher \u00e4u\u00dferten den Wunsch, gr\u00f6\u00dfere Mengen f\u00fcr den Hausgebrauch kaufen zu k\u00f6nnen.<\/p>\n<p>Die Zusammenarbeit unter den Vereinsmitgliedern verlief reibungslos und harmonisch. Die Aufgaben waren klar verteilt, und auch in Sto\u00dfzeiten behielten alle Beteiligten die \u00dcbersicht. Besonders hervorgehoben wurde die gute Kommunikation zwischen den Helfern und das freundliche Auftreten gegen\u00fcber den Besuchern.<\/p>\n<p>Das Apfelsaftkeltern des Obst- und Gartenbauvereins war auch in diesem Jahr ein voller Erfolg und bereicherte das Angebot des Wendelinusmarkts. Die Aktion bot nicht nur Einblicke in ein traditionelles Handwerk, sondern f\u00f6rderte auch den Austausch zwischen Generationen und das Bewusstsein f\u00fcr regionale Produkte.<\/p>\n<p>Ein herzlicher Dank gilt allen engagierten Helfern und den zahlreichen Besuchern, die durch ihr Interesse und ihre Begeisterung zum Gelingen der Aktion beigetragen haben.<\/p>\n<p>Zudem besteht die M\u00f6glichkeit, Apfelsaft in Bag-in-Box Gebinden bei den Verkaufsstellen Schlo\u00dfm\u00fchle Amorbach und Getr\u00e4nkeh\u00e4ndler deLeuner zu erwerben.<\/p>\n<p>\u00a0<\/p>\n<p>\u00a0<\/p>\nngg_shortcode_0_placeholder\n<p>\u00a0<\/p>\n<p>\u00a0<\/p>\n","protected":false},"excerpt":{"rendered":"<p>Wendelinsumarkt 2025 Apfelsaftkeltern des Obst- und Gartenbauvereins am Wendelinusmarkt 2025 in Amorbach Am 18.+19. Oktober 2025 fand in Amorbach der traditionelle Wendelinusmarkt statt. Wie jedes Jahr beteiligte sich der Obst- und Gartenbauverein mit einer eigenen Aktion: dem Apfelsaftkeltern. \u00a0 Die Vorbereitungen f\u00fcr das Apfelsaftkeltern begannen bereits einige Wochen vor dem Markt. Mitglieder und Helfer sammelten [&hellip;]<\/p>\n","protected":false},"author":1,"featured_media":0,"parent":0,"menu_order":0,"comment_status":"closed","ping_status":"closed","template":"","meta":{"ngg_post_thumbnail":0,"footnotes":""},"class_list":["post-2321","page","type-page","status-publish","hentry"],"yoast_head":"<!-- This site is optimized with the Yoast SEO plugin v27.6 - https:\/\/yoast.com\/product\/yoast-seo-wordpress\/ -->\n<title>Wendelinusmarkt 2025 - Obst- und Gartenbauverein Amorbach e.V.<\/title>\n<meta name=\"robots\" content=\"index, follow, max-snippet:-1, max-image-preview:large, max-video-preview:-1\" \/>\n<link rel=\"canonical\" href=\"https:\/\/ogv-amorbach.de\/?page_id=2321\" \/>\n<meta property=\"og:locale\" content=\"de_DE\" \/>\n<meta property=\"og:type\" content=\"article\" \/>\n<meta property=\"og:title\" content=\"Wendelinusmarkt 2025 - Obst- und Gartenbauverein Amorbach e.V.\" \/>\n<meta property=\"og:description\" content=\"Wendelinsumarkt 2025 Apfelsaftkeltern des Obst- und Gartenbauvereins am Wendelinusmarkt 2025 in Amorbach Am 18.+19. Oktober 2025 fand in Amorbach der traditionelle Wendelinusmarkt statt. Wie jedes Jahr beteiligte sich der Obst- und Gartenbauverein mit einer eigenen Aktion: dem Apfelsaftkeltern. \u00a0 Die Vorbereitungen f\u00fcr das Apfelsaftkeltern begannen bereits einige Wochen vor dem Markt. Mitglieder und Helfer sammelten [&hellip;]\" \/>\n<meta property=\"og:url\" content=\"https:\/\/ogv-amorbach.de\/?page_id=2321\" \/>\n<meta property=\"og:site_name\" content=\"Obst- und Gartenbauverein Amorbach e.V.\" \/>\n<meta property=\"article:modified_time\" content=\"2025-10-24T20:14:54+00:00\" \/>\n<meta name=\"twitter:card\" content=\"summary_large_image\" \/>\n<meta name=\"twitter:label1\" content=\"Gesch\u00e4tzte Lesezeit\" \/>\n\t<meta name=\"twitter:data1\" content=\"2\u00a0Minuten\" \/>\n<script type=\"application\/ld+json\" class=\"yoast-schema-graph\">{\"@context\":\"https:\\\/\\\/schema.org\",\"@graph\":[{\"@type\":\"WebPage\",\"@id\":\"https:\\\/\\\/ogv-amorbach.de\\\/?page_id=2321\",\"url\":\"https:\\\/\\\/ogv-amorbach.de\\\/?page_id=2321\",\"name\":\"Wendelinusmarkt 2025 - Obst- und Gartenbauverein Amorbach e.V.\",\"isPartOf\":{\"@id\":\"https:\\\/\\\/ogv-amorbach.de\\\/#website\"},\"datePublished\":\"2025-10-24T20:06:15+00:00\",\"dateModified\":\"2025-10-24T20:14:54+00:00\",\"breadcrumb\":{\"@id\":\"https:\\\/\\\/ogv-amorbach.de\\\/?page_id=2321#breadcrumb\"},\"inLanguage\":\"de\",\"potentialAction\":[{\"@type\":\"ReadAction\",\"target\":[\"https:\\\/\\\/ogv-amorbach.de\\\/?page_id=2321\"]}]},{\"@type\":\"BreadcrumbList\",\"@id\":\"https:\\\/\\\/ogv-amorbach.de\\\/?page_id=2321#breadcrumb\",\"itemListElement\":[{\"@type\":\"ListItem\",\"position\":1,\"name\":\"Home\",\"item\":\"https:\\\/\\\/ogv-amorbach.de\\\/\"},{\"@type\":\"ListItem\",\"position\":2,\"name\":\"Wendelinusmarkt 2025\"}]},{\"@type\":\"WebSite\",\"@id\":\"https:\\\/\\\/ogv-amorbach.de\\\/#website\",\"url\":\"https:\\\/\\\/ogv-amorbach.de\\\/\",\"name\":\"Obst- und Gartenbauverein Amorbach e.V.\",\"description\":\"\",\"publisher\":{\"@id\":\"https:\\\/\\\/ogv-amorbach.de\\\/#organization\"},\"potentialAction\":[{\"@type\":\"SearchAction\",\"target\":{\"@type\":\"EntryPoint\",\"urlTemplate\":\"https:\\\/\\\/ogv-amorbach.de\\\/?s={search_term_string}\"},\"query-input\":{\"@type\":\"PropertyValueSpecification\",\"valueRequired\":true,\"valueName\":\"search_term_string\"}}],\"inLanguage\":\"de\"},{\"@type\":\"Organization\",\"@id\":\"https:\\\/\\\/ogv-amorbach.de\\\/#organization\",\"name\":\"Obst- und Gartenbauverein Amorbach e.V.\",\"url\":\"https:\\\/\\\/ogv-amorbach.de\\\/\",\"logo\":{\"@type\":\"ImageObject\",\"inLanguage\":\"de\",\"@id\":\"https:\\\/\\\/ogv-amorbach.de\\\/#\\\/schema\\\/logo\\\/image\\\/\",\"url\":\"https:\\\/\\\/ogv-amorbach.de\\\/wp-content\\\/uploads\\\/2022\\\/10\\\/cropped-Logo.png\",\"contentUrl\":\"https:\\\/\\\/ogv-amorbach.de\\\/wp-content\\\/uploads\\\/2022\\\/10\\\/cropped-Logo.png\",\"width\":367,\"height\":223,\"caption\":\"Obst- und Gartenbauverein Amorbach e.V.\"},\"image\":{\"@id\":\"https:\\\/\\\/ogv-amorbach.de\\\/#\\\/schema\\\/logo\\\/image\\\/\"}}]}<\/script>\n<!-- \/ Yoast SEO plugin. -->","yoast_head_json":{"title":"Wendelinusmarkt 2025 - Obst- und Gartenbauverein Amorbach e.V.","robots":{"index":"index","follow":"follow","max-snippet":"max-snippet:-1","max-image-preview":"max-image-preview:large","max-video-preview":"max-video-preview:-1"},"canonical":"https:\/\/ogv-amorbach.de\/?page_id=2321","og_locale":"de_DE","og_type":"article","og_title":"Wendelinusmarkt 2025 - Obst- und Gartenbauverein Amorbach e.V.","og_description":"Wendelinsumarkt 2025 Apfelsaftkeltern des Obst- und Gartenbauvereins am Wendelinusmarkt 2025 in Amorbach Am 18.+19. Oktober 2025 fand in Amorbach der traditionelle Wendelinusmarkt statt. Wie jedes Jahr beteiligte sich der Obst- und Gartenbauverein mit einer eigenen Aktion: dem Apfelsaftkeltern. \u00a0 Die Vorbereitungen f\u00fcr das Apfelsaftkeltern begannen bereits einige Wochen vor dem Markt. Mitglieder und Helfer sammelten [&hellip;]","og_url":"https:\/\/ogv-amorbach.de\/?page_id=2321","og_site_name":"Obst- und Gartenbauverein Amorbach e.V.","article_modified_time":"2025-10-24T20:14:54+00:00","twitter_card":"summary_large_image","twitter_misc":{"Gesch\u00e4tzte Lesezeit":"2\u00a0Minuten"},"schema":{"@context":"https:\/\/schema.org","@graph":[{"@type":"WebPage","@id":"https:\/\/ogv-amorbach.de\/?page_id=2321","url":"https:\/\/ogv-amorbach.de\/?page_id=2321","name":"Wendelinusmarkt 2025 - Obst- und Gartenbauverein Amorbach e.V.","isPartOf":{"@id":"https:\/\/ogv-amorbach.de\/#website"},"datePublished":"2025-10-24T20:06:15+00:00","dateModified":"2025-10-24T20:14:54+00:00","breadcrumb":{"@id":"https:\/\/ogv-amorbach.de\/?page_id=2321#breadcrumb"},"inLanguage":"de","potentialAction":[{"@type":"ReadAction","target":["https:\/\/ogv-amorbach.de\/?page_id=2321"]}]},{"@type":"BreadcrumbList","@id":"https:\/\/ogv-amorbach.de\/?page_id=2321#breadcrumb","itemListElement":[{"@type":"ListItem","position":1,"name":"Home","item":"https:\/\/ogv-amorbach.de\/"},{"@type":"ListItem","position":2,"name":"Wendelinusmarkt 2025"}]},{"@type":"WebSite","@id":"https:\/\/ogv-amorbach.de\/#website","url":"https:\/\/ogv-amorbach.de\/","name":"Obst- und Gartenbauverein Amorbach e.V.","description":"","publisher":{"@id":"https:\/\/ogv-amorbach.de\/#organization"},"potentialAction":[{"@type":"SearchAction","target":{"@type":"EntryPoint","urlTemplate":"https:\/\/ogv-amorbach.de\/?s={search_term_string}"},"query-input":{"@type":"PropertyValueSpecification","valueRequired":true,"valueName":"search_term_string"}}],"inLanguage":"de"},{"@type":"Organization","@id":"https:\/\/ogv-amorbach.de\/#organization","name":"Obst- und Gartenbauverein Amorbach e.V.","url":"https:\/\/ogv-amorbach.de\/","logo":{"@type":"ImageObject","inLanguage":"de","@id":"https:\/\/ogv-amorbach.de\/#\/schema\/logo\/image\/","url":"https:\/\/ogv-amorbach.de\/wp-content\/uploads\/2022\/10\/cropped-Logo.png","contentUrl":"https:\/\/ogv-amorbach.de\/wp-content\/uploads\/2022\/10\/cropped-Logo.png","width":367,"height":223,"caption":"Obst- und Gartenbauverein Amorbach e.V."},"image":{"@id":"https:\/\/ogv-amorbach.de\/#\/schema\/logo\/image\/"}}]}},"_links":{"self":[{"href":"https:\/\/ogv-amorbach.de\/index.php?rest_route=\/wp\/v2\/pages\/2321","targetHints":{"allow":["GET"]}}],"collection":[{"href":"https:\/\/ogv-amorbach.de\/index.php?rest_route=\/wp\/v2\/pages"}],"about":[{"href":"https:\/\/ogv-amorbach.de\/index.php?rest_route=\/wp\/v2\/types\/page"}],"author":[{"embeddable":true,"href":"https:\/\/ogv-amorbach.de\/index.php?rest_route=\/wp\/v2\/users\/1"}],"replies":[{"embeddable":true,"href":"https:\/\/ogv-amorbach.de\/index.php?rest_route=%2Fwp%2Fv2%2Fcomments&post=2321"}],"version-history":[{"count":11,"href":"https:\/\/ogv-amorbach.de\/index.php?rest_route=\/wp\/v2\/pages\/2321\/revisions"}],"predecessor-version":[{"id":2333,"href":"https:\/\/ogv-amorbach.de\/index.php?rest_route=\/wp\/v2\/pages\/2321\/revisions\/2333"}],"wp:attachment":[{"href":"https:\/\/ogv-amorbach.de\/index.php?rest_route=%2Fwp%2Fv2%2Fmedia&parent=2321"}],"curies":[{"name":"wp","href":"https:\/\/api.w.org\/{rel}","templated":true}]}}