{"id":2283,"date":"2025-08-14T15:44:21","date_gmt":"2025-08-14T15:44:21","guid":{"rendered":"https:\/\/ogv-amorbach.de\/?page_id=2283"},"modified":"2026-03-28T18:22:46","modified_gmt":"2026-03-28T18:22:46","slug":"ferienspiele-2025","status":"publish","type":"page","link":"https:\/\/ogv-amorbach.de\/?page_id=2283","title":{"rendered":"Ferienspiele 2025"},"content":{"rendered":"<p>Am Samstag, 02.08.2025 fanden sich 17 Kinder bei der Sitzgruppe am Bouleplatz hinter der Alten Turnhalle ein. Dort beteiligte sich der OGV Amorbach an den diesj\u00e4hrigen Ferienspielen.<\/p>\n<p>Wir wollen einen \u201eGarten in der Kiste\u201c bauen, f\u00fcr jedes Kind zum mit nach Hause nehmen, so hatten wir zu dieser Aktion eingeladen. Nach der Begr\u00fc\u00dfung und einer Vorstellungsrunde erkl\u00e4rten wir den geplanten Ablauf und die Kinder machten sich mit den Betreuerinnen und Betreuern an die Arbeit.<\/p>\n<p>Als erstes galt es, die h\u00f6lzerne Gartenkiste mit Pflanz-Vlies auszukleiden. Dazu wurde auf ein vorgeschnittenes St\u00fcck Vlies ein Schnittmuster \u00fcbertragen. Dann durften die Kinder mit der Schere das Gitternetz zurechtschneiden. Mit Hilfe eines Erwachsenen gelang es jedem Kind, das st\u00f6rrische Material so in die Kiste einzulegen, dass diese innen vollst\u00e4ndig ausgekleidet war.<\/p>\n<p>In Gemeinschaftsleistung schippten die Kinder dann eine Schicht Bl\u00e4hton als Drainage und obendrauf Muttererde in jede Kiste, bis diese zu gut dreivierteln gef\u00fcllt war. Hier galt: Anpacken und zusammenhelfen, um die Muttererde vom Anh\u00e4nger in die Kisten zu schaffen.<\/p>\n<p>Jetzt kam der kreative Teil: Die Bepflanzung. Dazu hatten wir vorbereitete Gem\u00fcse-, Kr\u00e4uter- u. Blumenpflanzen mitgebracht, damit sich der kleine Garten vom ersten Tag an begr\u00fcnt zeigt. Aber auch viele Sorten Gem\u00fcse und Salat als Saatgut, die im Hochsommer und Herbst keimen und wachsen. Mit Feuereifer wurde ausgesucht, gegraben, ges\u00e4t, gepflanzt und &#8211; beschriftet, damit auch die Familie daheim wei\u00df, was in der eigenen Kiste drin ist.<\/p>\n<p>Wir finden, dass alle Kinder an diesem Vormittag einen tollen kleinen Garten angelegt haben \u2013 jetzt hei\u00dft es zu Hause gie\u00dfen, pflegen und warten, dass die Pflanzen weiterwachsen und die Saat aufgeht. Zum Schluss bekam jedes Kind f\u00fcr seinen Garten einen B\u00f6rdy, ein buntes Wasser-Reservoir das \u00fcber einen wasserdurchl\u00e4ssigen Tonkegel die Pflanzen zus\u00e4tzlich mit Wasser versorgt.<\/p>\n<p>Der OGV Amorbach bedankt sich bei den Kindern und deren Eltern sowie allen Helferinnen und Helfern dieser Aktion. F\u00fcr die Bereitstellung von Baumaterialien geht unser besonderer Dank an EDEKA Werner und H\u00e4fner Baustoffe aus Amorbach sowie Scheurich Keramik, Kleinheubach.<\/p>\nngg_shortcode_0_placeholder\n","protected":false},"excerpt":{"rendered":"<p>Am Samstag, 02.08.2025 fanden sich 17 Kinder bei der Sitzgruppe am Bouleplatz hinter der Alten Turnhalle ein. Dort beteiligte sich der OGV Amorbach an den diesj\u00e4hrigen Ferienspielen. Wir wollen einen \u201eGarten in der Kiste\u201c bauen, f\u00fcr jedes Kind zum mit nach Hause nehmen, so hatten wir zu dieser Aktion eingeladen. Nach der Begr\u00fc\u00dfung und einer [&hellip;]<\/p>\n","protected":false},"author":1,"featured_media":0,"parent":0,"menu_order":0,"comment_status":"closed","ping_status":"closed","template":"","meta":{"ngg_post_thumbnail":0,"footnotes":""},"class_list":["post-2283","page","type-page","status-publish","hentry"],"yoast_head":"<!-- This site is optimized with the Yoast SEO plugin v27.6 - https:\/\/yoast.com\/product\/yoast-seo-wordpress\/ -->\n<title>Ferienspiele 2025 - Obst- und Gartenbauverein Amorbach e.V.<\/title>\n<meta name=\"robots\" content=\"index, follow, max-snippet:-1, max-image-preview:large, max-video-preview:-1\" \/>\n<link rel=\"canonical\" href=\"https:\/\/ogv-amorbach.de\/?page_id=2283\" \/>\n<meta property=\"og:locale\" content=\"de_DE\" \/>\n<meta property=\"og:type\" content=\"article\" \/>\n<meta property=\"og:title\" content=\"Ferienspiele 2025 - Obst- und Gartenbauverein Amorbach e.V.\" \/>\n<meta property=\"og:description\" content=\"Am Samstag, 02.08.2025 fanden sich 17 Kinder bei der Sitzgruppe am Bouleplatz hinter der Alten Turnhalle ein. Dort beteiligte sich der OGV Amorbach an den diesj\u00e4hrigen Ferienspielen. Wir wollen einen \u201eGarten in der Kiste\u201c bauen, f\u00fcr jedes Kind zum mit nach Hause nehmen, so hatten wir zu dieser Aktion eingeladen. Nach der Begr\u00fc\u00dfung und einer [&hellip;]\" \/>\n<meta property=\"og:url\" content=\"https:\/\/ogv-amorbach.de\/?page_id=2283\" \/>\n<meta property=\"og:site_name\" content=\"Obst- und Gartenbauverein Amorbach e.V.\" \/>\n<meta property=\"article:modified_time\" content=\"2026-03-28T18:22:46+00:00\" \/>\n<meta name=\"twitter:card\" content=\"summary_large_image\" \/>\n<meta name=\"twitter:label1\" content=\"Gesch\u00e4tzte Lesezeit\" \/>\n\t<meta name=\"twitter:data1\" content=\"2\u00a0Minuten\" \/>\n<script type=\"application\/ld+json\" class=\"yoast-schema-graph\">{\"@context\":\"https:\\\/\\\/schema.org\",\"@graph\":[{\"@type\":\"WebPage\",\"@id\":\"https:\\\/\\\/ogv-amorbach.de\\\/?page_id=2283\",\"url\":\"https:\\\/\\\/ogv-amorbach.de\\\/?page_id=2283\",\"name\":\"Ferienspiele 2025 - Obst- und Gartenbauverein Amorbach e.V.\",\"isPartOf\":{\"@id\":\"https:\\\/\\\/ogv-amorbach.de\\\/#website\"},\"datePublished\":\"2025-08-14T15:44:21+00:00\",\"dateModified\":\"2026-03-28T18:22:46+00:00\",\"breadcrumb\":{\"@id\":\"https:\\\/\\\/ogv-amorbach.de\\\/?page_id=2283#breadcrumb\"},\"inLanguage\":\"de\",\"potentialAction\":[{\"@type\":\"ReadAction\",\"target\":[\"https:\\\/\\\/ogv-amorbach.de\\\/?page_id=2283\"]}]},{\"@type\":\"BreadcrumbList\",\"@id\":\"https:\\\/\\\/ogv-amorbach.de\\\/?page_id=2283#breadcrumb\",\"itemListElement\":[{\"@type\":\"ListItem\",\"position\":1,\"name\":\"Home\",\"item\":\"https:\\\/\\\/ogv-amorbach.de\\\/\"},{\"@type\":\"ListItem\",\"position\":2,\"name\":\"Ferienspiele 2025\"}]},{\"@type\":\"WebSite\",\"@id\":\"https:\\\/\\\/ogv-amorbach.de\\\/#website\",\"url\":\"https:\\\/\\\/ogv-amorbach.de\\\/\",\"name\":\"Obst- und Gartenbauverein Amorbach e.V.\",\"description\":\"\",\"publisher\":{\"@id\":\"https:\\\/\\\/ogv-amorbach.de\\\/#organization\"},\"potentialAction\":[{\"@type\":\"SearchAction\",\"target\":{\"@type\":\"EntryPoint\",\"urlTemplate\":\"https:\\\/\\\/ogv-amorbach.de\\\/?s={search_term_string}\"},\"query-input\":{\"@type\":\"PropertyValueSpecification\",\"valueRequired\":true,\"valueName\":\"search_term_string\"}}],\"inLanguage\":\"de\"},{\"@type\":\"Organization\",\"@id\":\"https:\\\/\\\/ogv-amorbach.de\\\/#organization\",\"name\":\"Obst- und Gartenbauverein Amorbach e.V.\",\"url\":\"https:\\\/\\\/ogv-amorbach.de\\\/\",\"logo\":{\"@type\":\"ImageObject\",\"inLanguage\":\"de\",\"@id\":\"https:\\\/\\\/ogv-amorbach.de\\\/#\\\/schema\\\/logo\\\/image\\\/\",\"url\":\"https:\\\/\\\/ogv-amorbach.de\\\/wp-content\\\/uploads\\\/2022\\\/10\\\/cropped-Logo.png\",\"contentUrl\":\"https:\\\/\\\/ogv-amorbach.de\\\/wp-content\\\/uploads\\\/2022\\\/10\\\/cropped-Logo.png\",\"width\":367,\"height\":223,\"caption\":\"Obst- und Gartenbauverein Amorbach e.V.\"},\"image\":{\"@id\":\"https:\\\/\\\/ogv-amorbach.de\\\/#\\\/schema\\\/logo\\\/image\\\/\"}}]}<\/script>\n<!-- \/ Yoast SEO plugin. -->","yoast_head_json":{"title":"Ferienspiele 2025 - Obst- und Gartenbauverein Amorbach e.V.","robots":{"index":"index","follow":"follow","max-snippet":"max-snippet:-1","max-image-preview":"max-image-preview:large","max-video-preview":"max-video-preview:-1"},"canonical":"https:\/\/ogv-amorbach.de\/?page_id=2283","og_locale":"de_DE","og_type":"article","og_title":"Ferienspiele 2025 - Obst- und Gartenbauverein Amorbach e.V.","og_description":"Am Samstag, 02.08.2025 fanden sich 17 Kinder bei der Sitzgruppe am Bouleplatz hinter der Alten Turnhalle ein. Dort beteiligte sich der OGV Amorbach an den diesj\u00e4hrigen Ferienspielen. Wir wollen einen \u201eGarten in der Kiste\u201c bauen, f\u00fcr jedes Kind zum mit nach Hause nehmen, so hatten wir zu dieser Aktion eingeladen. Nach der Begr\u00fc\u00dfung und einer [&hellip;]","og_url":"https:\/\/ogv-amorbach.de\/?page_id=2283","og_site_name":"Obst- und Gartenbauverein Amorbach e.V.","article_modified_time":"2026-03-28T18:22:46+00:00","twitter_card":"summary_large_image","twitter_misc":{"Gesch\u00e4tzte Lesezeit":"2\u00a0Minuten"},"schema":{"@context":"https:\/\/schema.org","@graph":[{"@type":"WebPage","@id":"https:\/\/ogv-amorbach.de\/?page_id=2283","url":"https:\/\/ogv-amorbach.de\/?page_id=2283","name":"Ferienspiele 2025 - Obst- und Gartenbauverein Amorbach e.V.","isPartOf":{"@id":"https:\/\/ogv-amorbach.de\/#website"},"datePublished":"2025-08-14T15:44:21+00:00","dateModified":"2026-03-28T18:22:46+00:00","breadcrumb":{"@id":"https:\/\/ogv-amorbach.de\/?page_id=2283#breadcrumb"},"inLanguage":"de","potentialAction":[{"@type":"ReadAction","target":["https:\/\/ogv-amorbach.de\/?page_id=2283"]}]},{"@type":"BreadcrumbList","@id":"https:\/\/ogv-amorbach.de\/?page_id=2283#breadcrumb","itemListElement":[{"@type":"ListItem","position":1,"name":"Home","item":"https:\/\/ogv-amorbach.de\/"},{"@type":"ListItem","position":2,"name":"Ferienspiele 2025"}]},{"@type":"WebSite","@id":"https:\/\/ogv-amorbach.de\/#website","url":"https:\/\/ogv-amorbach.de\/","name":"Obst- und Gartenbauverein Amorbach e.V.","description":"","publisher":{"@id":"https:\/\/ogv-amorbach.de\/#organization"},"potentialAction":[{"@type":"SearchAction","target":{"@type":"EntryPoint","urlTemplate":"https:\/\/ogv-amorbach.de\/?s={search_term_string}"},"query-input":{"@type":"PropertyValueSpecification","valueRequired":true,"valueName":"search_term_string"}}],"inLanguage":"de"},{"@type":"Organization","@id":"https:\/\/ogv-amorbach.de\/#organization","name":"Obst- und Gartenbauverein Amorbach e.V.","url":"https:\/\/ogv-amorbach.de\/","logo":{"@type":"ImageObject","inLanguage":"de","@id":"https:\/\/ogv-amorbach.de\/#\/schema\/logo\/image\/","url":"https:\/\/ogv-amorbach.de\/wp-content\/uploads\/2022\/10\/cropped-Logo.png","contentUrl":"https:\/\/ogv-amorbach.de\/wp-content\/uploads\/2022\/10\/cropped-Logo.png","width":367,"height":223,"caption":"Obst- und Gartenbauverein Amorbach e.V."},"image":{"@id":"https:\/\/ogv-amorbach.de\/#\/schema\/logo\/image\/"}}]}},"_links":{"self":[{"href":"https:\/\/ogv-amorbach.de\/index.php?rest_route=\/wp\/v2\/pages\/2283","targetHints":{"allow":["GET"]}}],"collection":[{"href":"https:\/\/ogv-amorbach.de\/index.php?rest_route=\/wp\/v2\/pages"}],"about":[{"href":"https:\/\/ogv-amorbach.de\/index.php?rest_route=\/wp\/v2\/types\/page"}],"author":[{"embeddable":true,"href":"https:\/\/ogv-amorbach.de\/index.php?rest_route=\/wp\/v2\/users\/1"}],"replies":[{"embeddable":true,"href":"https:\/\/ogv-amorbach.de\/index.php?rest_route=%2Fwp%2Fv2%2Fcomments&post=2283"}],"version-history":[{"count":4,"href":"https:\/\/ogv-amorbach.de\/index.php?rest_route=\/wp\/v2\/pages\/2283\/revisions"}],"predecessor-version":[{"id":2288,"href":"https:\/\/ogv-amorbach.de\/index.php?rest_route=\/wp\/v2\/pages\/2283\/revisions\/2288"}],"wp:attachment":[{"href":"https:\/\/ogv-amorbach.de\/index.php?rest_route=%2Fwp%2Fv2%2Fmedia&parent=2283"}],"curies":[{"name":"wp","href":"https:\/\/api.w.org\/{rel}","templated":true}]}}