{"id":1990,"date":"2024-05-26T18:58:21","date_gmt":"2024-05-26T18:58:21","guid":{"rendered":"https:\/\/ogv-amorbach.de\/?page_id=1990"},"modified":"2024-05-26T18:59:27","modified_gmt":"2024-05-26T18:59:27","slug":"mitgliederversammlung-2024","status":"publish","type":"page","link":"https:\/\/ogv-amorbach.de\/?page_id=1990","title":{"rendered":"Mitgliederversammlung 2024"},"content":{"rendered":"\t\t<div data-elementor-type=\"wp-page\" data-elementor-id=\"1990\" class=\"elementor elementor-1990\">\n\t\t\t\t\t\t<section class=\"elementor-section elementor-top-section elementor-element elementor-element-44b3f91 elementor-section-boxed elementor-section-height-default elementor-section-height-default\" data-id=\"44b3f91\" data-element_type=\"section\" data-e-type=\"section\">\n\t\t\t\t\t\t<div class=\"elementor-container elementor-column-gap-default\">\n\t\t\t\t\t<div class=\"elementor-column elementor-col-100 elementor-top-column elementor-element elementor-element-60612b2\" data-id=\"60612b2\" data-element_type=\"column\" data-e-type=\"column\">\n\t\t\t<div class=\"elementor-widget-wrap elementor-element-populated\">\n\t\t\t\t\t\t<div class=\"elementor-element elementor-element-e5b15f4 elementor-widget elementor-widget-text-editor\" data-id=\"e5b15f4\" data-element_type=\"widget\" data-e-type=\"widget\" data-widget_type=\"text-editor.default\">\n\t\t\t\t<div class=\"elementor-widget-container\">\n\t\t\t\t\t\t\t\t\t<p><strong>APFELALLEE UND MEHR &#8230;<\/strong><\/p><p><strong>\u00a0<\/strong><\/p><p><strong>Mitgliederversammlung des Obst- und Gartenbauvereins Amorbach e.V.<\/strong><\/p><p>\u00a0<\/p><p>Erfreulich viele Vereinsmitglieder konnte Hans Waldeis, der 1. Vorsitzende des Obst- und Gartenbauvereins, am Samstag, 13.04. im Cafe \u201eSchlossm\u00fchle\u201c zur Mitgliederversammlung 2024 begr\u00fc\u00dfen. Nachdem man der im Vorjahr verstorbenen Mitglieder gedacht hatte, gab er einen detaillierten R\u00fcckblick auf das Vereinsjahr 2023 mit seinen Veranstaltungen und Aktivit\u00e4ten, die in acht Vorstandssitzungen vorbereitet wurden.<\/p><p>\u00a0<\/p><p>Wie in den Jahren zuvor hatte die Apfelallee im Otterbacher Tal den breitesten Raum eingenommen. Waldeis erinnerte an die vielf\u00e4ltigen pflegerischen Ma\u00dfnahmen in der Allee, wie etwa den Baumschnitt, die M\u00e4harbeiten, die Anlage von Benjeshecken, das Gie\u00dfen der Jungb\u00e4ume, die Neuanpflanzung, den Mistelschnitt sowie das Aufstellen weiterer Informationstafeln.<\/p><p>\u00a0<\/p><p>Der Verein bem\u00fche sich weiter um die Einbindung von Kindergarten- und Vorschulkindern ins Vereinsleben, um Kontakte zu den \u00f6rtlichen Schulen und habe wieder an den Ferienspielen teilgenommen. Mit dem zur Tradition gewordene historische Keltern im Rahmen des Wendelinusmarktes und der Teilnahme am Advents- und Weihnachtsmarkt pr\u00e4sentierte sich der OGV einer breiten \u00d6ffentlichkeit.<\/p><p>\u00a0<\/p><p>Der 1. Vorsitzende res\u00fcmierte zufrieden, dass \u201ewir einen intakten Verein haben, bei dem sich viele freiwillige Helfer einbringen.\u201c Der Verein habe 171 Mitglieder. Die Zielsetzungen des Vereins f\u00fcr Landschaftspflege, Natur und Umwelt seien wichtiger denn je, weshalb er die Anwesenden bat, aktive Werbung f\u00fcr den OGV zu machen.<\/p><p>\u00a0<\/p><p>Zweiter Kassier Frank Laske berichtete in seinem Kassenbericht von einer zufriedenstellenden Kassenlage. Man habe gut gewirtschaftet. Kassenpr\u00fcfer Reiner Hauschild und Walter M\u00fcller attestierten den beiden Kassierern Nicole Grimm und Frank Laske eine gr\u00fcndliche und sorgf\u00e4ltige Kassenf\u00fchrung und beantragten, ihnen und der gesamten Vorstandschaft Entlastung auszusprechen, die dann auch einstimmig erteilt wurde.<\/p><p>\u00a0<\/p><p>Im Anschluss erteilte der 1. Vorsitzende dem Beisitzer Andreas Beger das Wort, der in seinem Vortrag \u201edie kulturgeschichtliche Bedeutung des Apfels\u201c seine Zuh\u00f6rer auf eine Zeitreise durch die Jahrhunderte mitnahm, bei der bekannte und weniger bekannte Zusammenh\u00e4nge, die historische, religi\u00f6se u. wirtschaftliche Bedeutung des Apfels im Wandel der Zeit, zur Sprache kamen.<\/p><p>\u00a0<\/p><p>Danach warf Hans Waldeis einen Blick auf die geplanten Unternehmungen im Jahr 2024. Unter anderem verwies er auf die Teilnahme am Erlebnistag Natur &amp; Umwelt der JS Schulz Stiftung, auf die Ferienspiele 2024 und die geplanten Kelter- und Baumpflanzaktionen im Herbst sowie die Teilnahme an den M\u00e4rkten der Stadt Amorbach.<\/p><p>\u00a0<\/p><p>In einer gelungenen Bilderschau von Armin Rudolf konnten die Anwesenden das abgelaufene Vereinsjahr noch einmal in Bildern an sich vorbei ziehen lassen.<\/p><p>\u00a0<\/p><p>Die Wortmeldungen aus der Versammlung und die Diskussionen drehten sich u.a. um M\u00f6glichkeiten, wie die Bew\u00e4sserung der Jungb\u00e4ume bei wachsender Zahl der Neuanpflanzungen in Zukunft organisiert werden kann und welche Investitionen daf\u00fcr sinnvoll w\u00e4ren. An diesem Thema wird die Vorstandschaft weiter arbeiten.<\/p><p>\u00a0<\/p><p>Der 1. Vorsitzende danke abschlie\u00dfend f\u00fcr die Teilnahme an der Mitgliederversammlung und w\u00fcnschte weiterhin viel Spa\u00df und Freude beim OGV.<\/p>\t\t\t\t\t\t\t\t<\/div>\n\t\t\t\t<\/div>\n\t\t\t\t\t<\/div>\n\t\t<\/div>\n\t\t\t\t\t<\/div>\n\t\t<\/section>\n\t\t\t\t<\/div>\n\t\t","protected":false},"excerpt":{"rendered":"<p>APFELALLEE UND MEHR &#8230; \u00a0 Mitgliederversammlung des Obst- und Gartenbauvereins Amorbach e.V. \u00a0 Erfreulich viele Vereinsmitglieder konnte Hans Waldeis, der 1. Vorsitzende des Obst- und Gartenbauvereins, am Samstag, 13.04. im Cafe \u201eSchlossm\u00fchle\u201c zur Mitgliederversammlung 2024 begr\u00fc\u00dfen. Nachdem man der im Vorjahr verstorbenen Mitglieder gedacht hatte, gab er einen detaillierten R\u00fcckblick auf das Vereinsjahr 2023 mit [&hellip;]<\/p>\n","protected":false},"author":1,"featured_media":0,"parent":0,"menu_order":0,"comment_status":"closed","ping_status":"closed","template":"","meta":{"ngg_post_thumbnail":0,"footnotes":""},"class_list":["post-1990","page","type-page","status-publish","hentry"],"yoast_head":"<!-- This site is optimized with the Yoast SEO plugin v27.5 - https:\/\/yoast.com\/product\/yoast-seo-wordpress\/ -->\n<title>Mitgliederversammlung 2024 - Obst- und Gartenbauverein Amorbach e.V.<\/title>\n<meta name=\"robots\" content=\"index, follow, max-snippet:-1, max-image-preview:large, max-video-preview:-1\" \/>\n<link rel=\"canonical\" href=\"https:\/\/ogv-amorbach.de\/?page_id=1990\" \/>\n<meta property=\"og:locale\" content=\"de_DE\" \/>\n<meta property=\"og:type\" content=\"article\" \/>\n<meta property=\"og:title\" content=\"Mitgliederversammlung 2024 - Obst- und Gartenbauverein Amorbach e.V.\" \/>\n<meta property=\"og:description\" content=\"APFELALLEE UND MEHR &#8230; \u00a0 Mitgliederversammlung des Obst- und Gartenbauvereins Amorbach e.V. \u00a0 Erfreulich viele Vereinsmitglieder konnte Hans Waldeis, der 1. Vorsitzende des Obst- und Gartenbauvereins, am Samstag, 13.04. im Cafe \u201eSchlossm\u00fchle\u201c zur Mitgliederversammlung 2024 begr\u00fc\u00dfen. Nachdem man der im Vorjahr verstorbenen Mitglieder gedacht hatte, gab er einen detaillierten R\u00fcckblick auf das Vereinsjahr 2023 mit [&hellip;]\" \/>\n<meta property=\"og:url\" content=\"https:\/\/ogv-amorbach.de\/?page_id=1990\" \/>\n<meta property=\"og:site_name\" content=\"Obst- und Gartenbauverein Amorbach e.V.\" \/>\n<meta property=\"article:modified_time\" content=\"2024-05-26T18:59:27+00:00\" \/>\n<meta name=\"twitter:card\" content=\"summary_large_image\" \/>\n<meta name=\"twitter:label1\" content=\"Gesch\u00e4tzte Lesezeit\" \/>\n\t<meta name=\"twitter:data1\" content=\"2\u00a0Minuten\" \/>\n<script type=\"application\/ld+json\" class=\"yoast-schema-graph\">{\"@context\":\"https:\\\/\\\/schema.org\",\"@graph\":[{\"@type\":\"WebPage\",\"@id\":\"https:\\\/\\\/ogv-amorbach.de\\\/?page_id=1990\",\"url\":\"https:\\\/\\\/ogv-amorbach.de\\\/?page_id=1990\",\"name\":\"Mitgliederversammlung 2024 - Obst- und Gartenbauverein Amorbach e.V.\",\"isPartOf\":{\"@id\":\"https:\\\/\\\/ogv-amorbach.de\\\/#website\"},\"datePublished\":\"2024-05-26T18:58:21+00:00\",\"dateModified\":\"2024-05-26T18:59:27+00:00\",\"breadcrumb\":{\"@id\":\"https:\\\/\\\/ogv-amorbach.de\\\/?page_id=1990#breadcrumb\"},\"inLanguage\":\"de\",\"potentialAction\":[{\"@type\":\"ReadAction\",\"target\":[\"https:\\\/\\\/ogv-amorbach.de\\\/?page_id=1990\"]}]},{\"@type\":\"BreadcrumbList\",\"@id\":\"https:\\\/\\\/ogv-amorbach.de\\\/?page_id=1990#breadcrumb\",\"itemListElement\":[{\"@type\":\"ListItem\",\"position\":1,\"name\":\"Home\",\"item\":\"https:\\\/\\\/ogv-amorbach.de\\\/\"},{\"@type\":\"ListItem\",\"position\":2,\"name\":\"Mitgliederversammlung 2024\"}]},{\"@type\":\"WebSite\",\"@id\":\"https:\\\/\\\/ogv-amorbach.de\\\/#website\",\"url\":\"https:\\\/\\\/ogv-amorbach.de\\\/\",\"name\":\"Obst- und Gartenbauverein Amorbach e.V.\",\"description\":\"\",\"publisher\":{\"@id\":\"https:\\\/\\\/ogv-amorbach.de\\\/#organization\"},\"potentialAction\":[{\"@type\":\"SearchAction\",\"target\":{\"@type\":\"EntryPoint\",\"urlTemplate\":\"https:\\\/\\\/ogv-amorbach.de\\\/?s={search_term_string}\"},\"query-input\":{\"@type\":\"PropertyValueSpecification\",\"valueRequired\":true,\"valueName\":\"search_term_string\"}}],\"inLanguage\":\"de\"},{\"@type\":\"Organization\",\"@id\":\"https:\\\/\\\/ogv-amorbach.de\\\/#organization\",\"name\":\"Obst- und Gartenbauverein Amorbach e.V.\",\"url\":\"https:\\\/\\\/ogv-amorbach.de\\\/\",\"logo\":{\"@type\":\"ImageObject\",\"inLanguage\":\"de\",\"@id\":\"https:\\\/\\\/ogv-amorbach.de\\\/#\\\/schema\\\/logo\\\/image\\\/\",\"url\":\"https:\\\/\\\/ogv-amorbach.de\\\/wp-content\\\/uploads\\\/2022\\\/10\\\/cropped-Logo.png\",\"contentUrl\":\"https:\\\/\\\/ogv-amorbach.de\\\/wp-content\\\/uploads\\\/2022\\\/10\\\/cropped-Logo.png\",\"width\":367,\"height\":223,\"caption\":\"Obst- und Gartenbauverein Amorbach e.V.\"},\"image\":{\"@id\":\"https:\\\/\\\/ogv-amorbach.de\\\/#\\\/schema\\\/logo\\\/image\\\/\"}}]}<\/script>\n<!-- \/ Yoast SEO plugin. -->","yoast_head_json":{"title":"Mitgliederversammlung 2024 - Obst- und Gartenbauverein Amorbach e.V.","robots":{"index":"index","follow":"follow","max-snippet":"max-snippet:-1","max-image-preview":"max-image-preview:large","max-video-preview":"max-video-preview:-1"},"canonical":"https:\/\/ogv-amorbach.de\/?page_id=1990","og_locale":"de_DE","og_type":"article","og_title":"Mitgliederversammlung 2024 - Obst- und Gartenbauverein Amorbach e.V.","og_description":"APFELALLEE UND MEHR &#8230; \u00a0 Mitgliederversammlung des Obst- und Gartenbauvereins Amorbach e.V. \u00a0 Erfreulich viele Vereinsmitglieder konnte Hans Waldeis, der 1. Vorsitzende des Obst- und Gartenbauvereins, am Samstag, 13.04. im Cafe \u201eSchlossm\u00fchle\u201c zur Mitgliederversammlung 2024 begr\u00fc\u00dfen. Nachdem man der im Vorjahr verstorbenen Mitglieder gedacht hatte, gab er einen detaillierten R\u00fcckblick auf das Vereinsjahr 2023 mit [&hellip;]","og_url":"https:\/\/ogv-amorbach.de\/?page_id=1990","og_site_name":"Obst- und Gartenbauverein Amorbach e.V.","article_modified_time":"2024-05-26T18:59:27+00:00","twitter_card":"summary_large_image","twitter_misc":{"Gesch\u00e4tzte Lesezeit":"2\u00a0Minuten"},"schema":{"@context":"https:\/\/schema.org","@graph":[{"@type":"WebPage","@id":"https:\/\/ogv-amorbach.de\/?page_id=1990","url":"https:\/\/ogv-amorbach.de\/?page_id=1990","name":"Mitgliederversammlung 2024 - Obst- und Gartenbauverein Amorbach e.V.","isPartOf":{"@id":"https:\/\/ogv-amorbach.de\/#website"},"datePublished":"2024-05-26T18:58:21+00:00","dateModified":"2024-05-26T18:59:27+00:00","breadcrumb":{"@id":"https:\/\/ogv-amorbach.de\/?page_id=1990#breadcrumb"},"inLanguage":"de","potentialAction":[{"@type":"ReadAction","target":["https:\/\/ogv-amorbach.de\/?page_id=1990"]}]},{"@type":"BreadcrumbList","@id":"https:\/\/ogv-amorbach.de\/?page_id=1990#breadcrumb","itemListElement":[{"@type":"ListItem","position":1,"name":"Home","item":"https:\/\/ogv-amorbach.de\/"},{"@type":"ListItem","position":2,"name":"Mitgliederversammlung 2024"}]},{"@type":"WebSite","@id":"https:\/\/ogv-amorbach.de\/#website","url":"https:\/\/ogv-amorbach.de\/","name":"Obst- und Gartenbauverein Amorbach e.V.","description":"","publisher":{"@id":"https:\/\/ogv-amorbach.de\/#organization"},"potentialAction":[{"@type":"SearchAction","target":{"@type":"EntryPoint","urlTemplate":"https:\/\/ogv-amorbach.de\/?s={search_term_string}"},"query-input":{"@type":"PropertyValueSpecification","valueRequired":true,"valueName":"search_term_string"}}],"inLanguage":"de"},{"@type":"Organization","@id":"https:\/\/ogv-amorbach.de\/#organization","name":"Obst- und Gartenbauverein Amorbach e.V.","url":"https:\/\/ogv-amorbach.de\/","logo":{"@type":"ImageObject","inLanguage":"de","@id":"https:\/\/ogv-amorbach.de\/#\/schema\/logo\/image\/","url":"https:\/\/ogv-amorbach.de\/wp-content\/uploads\/2022\/10\/cropped-Logo.png","contentUrl":"https:\/\/ogv-amorbach.de\/wp-content\/uploads\/2022\/10\/cropped-Logo.png","width":367,"height":223,"caption":"Obst- und Gartenbauverein Amorbach e.V."},"image":{"@id":"https:\/\/ogv-amorbach.de\/#\/schema\/logo\/image\/"}}]}},"_links":{"self":[{"href":"https:\/\/ogv-amorbach.de\/index.php?rest_route=\/wp\/v2\/pages\/1990","targetHints":{"allow":["GET"]}}],"collection":[{"href":"https:\/\/ogv-amorbach.de\/index.php?rest_route=\/wp\/v2\/pages"}],"about":[{"href":"https:\/\/ogv-amorbach.de\/index.php?rest_route=\/wp\/v2\/types\/page"}],"author":[{"embeddable":true,"href":"https:\/\/ogv-amorbach.de\/index.php?rest_route=\/wp\/v2\/users\/1"}],"replies":[{"embeddable":true,"href":"https:\/\/ogv-amorbach.de\/index.php?rest_route=%2Fwp%2Fv2%2Fcomments&post=1990"}],"version-history":[{"count":4,"href":"https:\/\/ogv-amorbach.de\/index.php?rest_route=\/wp\/v2\/pages\/1990\/revisions"}],"predecessor-version":[{"id":1995,"href":"https:\/\/ogv-amorbach.de\/index.php?rest_route=\/wp\/v2\/pages\/1990\/revisions\/1995"}],"wp:attachment":[{"href":"https:\/\/ogv-amorbach.de\/index.php?rest_route=%2Fwp%2Fv2%2Fmedia&parent=1990"}],"curies":[{"name":"wp","href":"https:\/\/api.w.org\/{rel}","templated":true}]}}