{"id":152,"date":"2022-09-10T19:10:55","date_gmt":"2022-09-10T19:10:55","guid":{"rendered":"https:\/\/ogvamorbach.live-website.com\/?page_id=152"},"modified":"2022-12-02T14:51:53","modified_gmt":"2022-12-02T14:51:53","slug":"ferienspiele-2022","status":"publish","type":"page","link":"https:\/\/ogv-amorbach.de\/?page_id=152","title":{"rendered":"Ferienspiele 2022"},"content":{"rendered":"\t\t<div data-elementor-type=\"wp-page\" data-elementor-id=\"152\" class=\"elementor elementor-152\">\n\t\t\t\t\t\t<section class=\"elementor-section elementor-top-section elementor-element elementor-element-2320a30f elementor-section-boxed elementor-section-height-default elementor-section-height-default\" data-id=\"2320a30f\" data-element_type=\"section\" data-e-type=\"section\">\n\t\t\t\t\t\t<div class=\"elementor-container elementor-column-gap-default\">\n\t\t\t\t\t<div class=\"elementor-column elementor-col-100 elementor-top-column elementor-element elementor-element-752db1bd\" data-id=\"752db1bd\" data-element_type=\"column\" data-e-type=\"column\">\n\t\t\t<div class=\"elementor-widget-wrap elementor-element-populated\">\n\t\t\t\t\t\t<div class=\"elementor-element elementor-element-41db12e6 elementor-widget elementor-widget-text-editor\" data-id=\"41db12e6\" data-element_type=\"widget\" data-e-type=\"widget\" data-widget_type=\"text-editor.default\">\n\t\t\t\t<div class=\"elementor-widget-container\">\n\t\t\t\t\t\t\t\t\t<p><\/p>\n<p>Am Samstag, 06.08.2022 fanden sich 11 Kinder an der Sitzgruppe der Amorbacher Apfelallee ein. Dort beteiligte sich der OGV Amorbach an den diesj\u00e4hrigen Ferienspielen. Wir wollen ein Insektenhotel bauen. Ein Kleines f\u00fcr die Kinder zum mit nach Hause nehmen und ein Gro\u00dfes. Mit Begeisterung bastelten die Teilnehmer aus Konservendosen, Wolle und weiterem Material tolle Unterk\u00fcnfte, w\u00e4hrend die Gro\u00dfen mit tatkr\u00e4ftiger Unterst\u00fctzung einiger Kinder bohrten, schraubten und s\u00e4gten. Nachdem jedes Kind sein Hotel fertig hatte gab es etwas zu essen und zu trinken, bevor dann zum Abschluss das gro\u00dfe Hotel eingerichtet wurde. Nach anf\u00e4nglicher Scheu wurde dann auch mit viel Spa\u00df der frisch anger\u00fchrte Lehm mit blo\u00dfen H\u00e4nden verbaut. Wir finden, dass wir eine tolle Unterkunft gebaut haben \u2013 jetzt hei\u00dft es warten, bis die ersten Bewohner einziehen. Bei k\u00fcnftigen Ausfl\u00fcgen zur Apfelallee k\u00f6nnen die Kinder und Interessierte das Insektenhotel besuchen. Zum Ende bekam jedes Kind noch eine Stofftasche und die Einladung im Herbst beim Pflanzen neuer B\u00e4ume dabei zu sein. <br>Der OGV Amorbach bedankt sich bei den Kindern und deren Eltern. F\u00fcr die Bereitstellung von Baumaterialien geht unser Dank an die Stadt Amorbach, Baustoffe H\u00e4fner Amorbach und die Palettenfabrik Olbort Weilbach. Weiter bedanken wir uns bei Familie L\u00f6ffler, die den Tag federf\u00fchrend organisiert hatte.<\/p>\n<p><\/p>\n<p><br>\nngg_shortcode_0_placeholder<br>\n<\/p>\t\t\t\t\t\t\t\t<\/div>\n\t\t\t\t<\/div>\n\t\t\t\t\t<\/div>\n\t\t<\/div>\n\t\t\t\t\t<\/div>\n\t\t<\/section>\n\t\t\t\t<\/div>\n\t\t","protected":false},"excerpt":{"rendered":"<p>Am Samstag, 06.08.2022 fanden sich 11 Kinder an der Sitzgruppe der Amorbacher Apfelallee ein. Dort beteiligte sich der OGV Amorbach an den diesj\u00e4hrigen Ferienspielen. Wir wollen ein Insektenhotel bauen. Ein Kleines f\u00fcr die Kinder zum mit nach Hause nehmen und ein Gro\u00dfes. Mit Begeisterung bastelten die Teilnehmer aus Konservendosen, Wolle und weiterem Material tolle Unterk\u00fcnfte, [&hellip;]<\/p>\n","protected":false},"author":1,"featured_media":0,"parent":0,"menu_order":0,"comment_status":"closed","ping_status":"closed","template":"","meta":{"ngg_post_thumbnail":0,"footnotes":""},"class_list":["post-152","page","type-page","status-publish","hentry"],"yoast_head":"<!-- This site is optimized with the Yoast SEO plugin v27.5 - https:\/\/yoast.com\/product\/yoast-seo-wordpress\/ -->\n<title>Ferienspiele 2022 - Obst- und Gartenbauverein Amorbach e.V.<\/title>\n<meta name=\"robots\" content=\"index, follow, max-snippet:-1, max-image-preview:large, max-video-preview:-1\" \/>\n<link rel=\"canonical\" href=\"https:\/\/ogv-amorbach.de\/?page_id=152\" \/>\n<meta property=\"og:locale\" content=\"de_DE\" \/>\n<meta property=\"og:type\" content=\"article\" \/>\n<meta property=\"og:title\" content=\"Ferienspiele 2022 - Obst- und Gartenbauverein Amorbach e.V.\" \/>\n<meta property=\"og:description\" content=\"Am Samstag, 06.08.2022 fanden sich 11 Kinder an der Sitzgruppe der Amorbacher Apfelallee ein. Dort beteiligte sich der OGV Amorbach an den diesj\u00e4hrigen Ferienspielen. Wir wollen ein Insektenhotel bauen. Ein Kleines f\u00fcr die Kinder zum mit nach Hause nehmen und ein Gro\u00dfes. Mit Begeisterung bastelten die Teilnehmer aus Konservendosen, Wolle und weiterem Material tolle Unterk\u00fcnfte, [&hellip;]\" \/>\n<meta property=\"og:url\" content=\"https:\/\/ogv-amorbach.de\/?page_id=152\" \/>\n<meta property=\"og:site_name\" content=\"Obst- und Gartenbauverein Amorbach e.V.\" \/>\n<meta property=\"article:modified_time\" content=\"2022-12-02T14:51:53+00:00\" \/>\n<meta name=\"twitter:card\" content=\"summary_large_image\" \/>\n<meta name=\"twitter:label1\" content=\"Gesch\u00e4tzte Lesezeit\" \/>\n\t<meta name=\"twitter:data1\" content=\"1\u00a0Minute\" \/>\n<script type=\"application\/ld+json\" class=\"yoast-schema-graph\">{\"@context\":\"https:\\\/\\\/schema.org\",\"@graph\":[{\"@type\":\"WebPage\",\"@id\":\"https:\\\/\\\/ogv-amorbach.de\\\/?page_id=152\",\"url\":\"https:\\\/\\\/ogv-amorbach.de\\\/?page_id=152\",\"name\":\"Ferienspiele 2022 - Obst- und Gartenbauverein Amorbach e.V.\",\"isPartOf\":{\"@id\":\"https:\\\/\\\/ogv-amorbach.de\\\/#website\"},\"datePublished\":\"2022-09-10T19:10:55+00:00\",\"dateModified\":\"2022-12-02T14:51:53+00:00\",\"breadcrumb\":{\"@id\":\"https:\\\/\\\/ogv-amorbach.de\\\/?page_id=152#breadcrumb\"},\"inLanguage\":\"de\",\"potentialAction\":[{\"@type\":\"ReadAction\",\"target\":[\"https:\\\/\\\/ogv-amorbach.de\\\/?page_id=152\"]}]},{\"@type\":\"BreadcrumbList\",\"@id\":\"https:\\\/\\\/ogv-amorbach.de\\\/?page_id=152#breadcrumb\",\"itemListElement\":[{\"@type\":\"ListItem\",\"position\":1,\"name\":\"Home\",\"item\":\"https:\\\/\\\/ogv-amorbach.de\\\/\"},{\"@type\":\"ListItem\",\"position\":2,\"name\":\"Ferienspiele 2022\"}]},{\"@type\":\"WebSite\",\"@id\":\"https:\\\/\\\/ogv-amorbach.de\\\/#website\",\"url\":\"https:\\\/\\\/ogv-amorbach.de\\\/\",\"name\":\"Obst- und Gartenbauverein Amorbach e.V.\",\"description\":\"\",\"publisher\":{\"@id\":\"https:\\\/\\\/ogv-amorbach.de\\\/#organization\"},\"potentialAction\":[{\"@type\":\"SearchAction\",\"target\":{\"@type\":\"EntryPoint\",\"urlTemplate\":\"https:\\\/\\\/ogv-amorbach.de\\\/?s={search_term_string}\"},\"query-input\":{\"@type\":\"PropertyValueSpecification\",\"valueRequired\":true,\"valueName\":\"search_term_string\"}}],\"inLanguage\":\"de\"},{\"@type\":\"Organization\",\"@id\":\"https:\\\/\\\/ogv-amorbach.de\\\/#organization\",\"name\":\"Obst- und Gartenbauverein Amorbach e.V.\",\"url\":\"https:\\\/\\\/ogv-amorbach.de\\\/\",\"logo\":{\"@type\":\"ImageObject\",\"inLanguage\":\"de\",\"@id\":\"https:\\\/\\\/ogv-amorbach.de\\\/#\\\/schema\\\/logo\\\/image\\\/\",\"url\":\"https:\\\/\\\/ogv-amorbach.de\\\/wp-content\\\/uploads\\\/2022\\\/10\\\/cropped-Logo.png\",\"contentUrl\":\"https:\\\/\\\/ogv-amorbach.de\\\/wp-content\\\/uploads\\\/2022\\\/10\\\/cropped-Logo.png\",\"width\":367,\"height\":223,\"caption\":\"Obst- und Gartenbauverein Amorbach e.V.\"},\"image\":{\"@id\":\"https:\\\/\\\/ogv-amorbach.de\\\/#\\\/schema\\\/logo\\\/image\\\/\"}}]}<\/script>\n<!-- \/ Yoast SEO plugin. -->","yoast_head_json":{"title":"Ferienspiele 2022 - Obst- und Gartenbauverein Amorbach e.V.","robots":{"index":"index","follow":"follow","max-snippet":"max-snippet:-1","max-image-preview":"max-image-preview:large","max-video-preview":"max-video-preview:-1"},"canonical":"https:\/\/ogv-amorbach.de\/?page_id=152","og_locale":"de_DE","og_type":"article","og_title":"Ferienspiele 2022 - Obst- und Gartenbauverein Amorbach e.V.","og_description":"Am Samstag, 06.08.2022 fanden sich 11 Kinder an der Sitzgruppe der Amorbacher Apfelallee ein. Dort beteiligte sich der OGV Amorbach an den diesj\u00e4hrigen Ferienspielen. Wir wollen ein Insektenhotel bauen. Ein Kleines f\u00fcr die Kinder zum mit nach Hause nehmen und ein Gro\u00dfes. Mit Begeisterung bastelten die Teilnehmer aus Konservendosen, Wolle und weiterem Material tolle Unterk\u00fcnfte, [&hellip;]","og_url":"https:\/\/ogv-amorbach.de\/?page_id=152","og_site_name":"Obst- und Gartenbauverein Amorbach e.V.","article_modified_time":"2022-12-02T14:51:53+00:00","twitter_card":"summary_large_image","twitter_misc":{"Gesch\u00e4tzte Lesezeit":"1\u00a0Minute"},"schema":{"@context":"https:\/\/schema.org","@graph":[{"@type":"WebPage","@id":"https:\/\/ogv-amorbach.de\/?page_id=152","url":"https:\/\/ogv-amorbach.de\/?page_id=152","name":"Ferienspiele 2022 - Obst- und Gartenbauverein Amorbach e.V.","isPartOf":{"@id":"https:\/\/ogv-amorbach.de\/#website"},"datePublished":"2022-09-10T19:10:55+00:00","dateModified":"2022-12-02T14:51:53+00:00","breadcrumb":{"@id":"https:\/\/ogv-amorbach.de\/?page_id=152#breadcrumb"},"inLanguage":"de","potentialAction":[{"@type":"ReadAction","target":["https:\/\/ogv-amorbach.de\/?page_id=152"]}]},{"@type":"BreadcrumbList","@id":"https:\/\/ogv-amorbach.de\/?page_id=152#breadcrumb","itemListElement":[{"@type":"ListItem","position":1,"name":"Home","item":"https:\/\/ogv-amorbach.de\/"},{"@type":"ListItem","position":2,"name":"Ferienspiele 2022"}]},{"@type":"WebSite","@id":"https:\/\/ogv-amorbach.de\/#website","url":"https:\/\/ogv-amorbach.de\/","name":"Obst- und Gartenbauverein Amorbach e.V.","description":"","publisher":{"@id":"https:\/\/ogv-amorbach.de\/#organization"},"potentialAction":[{"@type":"SearchAction","target":{"@type":"EntryPoint","urlTemplate":"https:\/\/ogv-amorbach.de\/?s={search_term_string}"},"query-input":{"@type":"PropertyValueSpecification","valueRequired":true,"valueName":"search_term_string"}}],"inLanguage":"de"},{"@type":"Organization","@id":"https:\/\/ogv-amorbach.de\/#organization","name":"Obst- und Gartenbauverein Amorbach e.V.","url":"https:\/\/ogv-amorbach.de\/","logo":{"@type":"ImageObject","inLanguage":"de","@id":"https:\/\/ogv-amorbach.de\/#\/schema\/logo\/image\/","url":"https:\/\/ogv-amorbach.de\/wp-content\/uploads\/2022\/10\/cropped-Logo.png","contentUrl":"https:\/\/ogv-amorbach.de\/wp-content\/uploads\/2022\/10\/cropped-Logo.png","width":367,"height":223,"caption":"Obst- und Gartenbauverein Amorbach e.V."},"image":{"@id":"https:\/\/ogv-amorbach.de\/#\/schema\/logo\/image\/"}}]}},"_links":{"self":[{"href":"https:\/\/ogv-amorbach.de\/index.php?rest_route=\/wp\/v2\/pages\/152","targetHints":{"allow":["GET"]}}],"collection":[{"href":"https:\/\/ogv-amorbach.de\/index.php?rest_route=\/wp\/v2\/pages"}],"about":[{"href":"https:\/\/ogv-amorbach.de\/index.php?rest_route=\/wp\/v2\/types\/page"}],"author":[{"embeddable":true,"href":"https:\/\/ogv-amorbach.de\/index.php?rest_route=\/wp\/v2\/users\/1"}],"replies":[{"embeddable":true,"href":"https:\/\/ogv-amorbach.de\/index.php?rest_route=%2Fwp%2Fv2%2Fcomments&post=152"}],"version-history":[{"count":6,"href":"https:\/\/ogv-amorbach.de\/index.php?rest_route=\/wp\/v2\/pages\/152\/revisions"}],"predecessor-version":[{"id":752,"href":"https:\/\/ogv-amorbach.de\/index.php?rest_route=\/wp\/v2\/pages\/152\/revisions\/752"}],"wp:attachment":[{"href":"https:\/\/ogv-amorbach.de\/index.php?rest_route=%2Fwp%2Fv2%2Fmedia&parent=152"}],"curies":[{"name":"wp","href":"https:\/\/api.w.org\/{rel}","templated":true}]}}