{"id":1053,"date":"2023-05-03T20:11:13","date_gmt":"2023-05-03T20:11:13","guid":{"rendered":"https:\/\/ogv-amorbach.de\/?page_id=1053"},"modified":"2023-05-03T20:11:13","modified_gmt":"2023-05-03T20:11:13","slug":"bericht-zur-mitgliederversamlung-2023","status":"publish","type":"page","link":"https:\/\/ogv-amorbach.de\/?page_id=1053","title":{"rendered":"Bericht zur Mitgliederversamlung 2023"},"content":{"rendered":"\n<p>APFELALLEE UND NOCH GANZ VIEL MEHR\u2026<\/p>\n\n\n\n<p><\/p>\n\n\n\n<p>Erfreulich viele Vereinsmitglieder konnte Hans Waldeis, der 1.Vorsitzende des Obst- und Gartenbauvereins, am 13.04. in der Gastst\u00e4tte \u201eBrauerei Etzel\u201c zur Mitgliederversammlung 2023 begr\u00fc\u00dfen.<\/p>\n\n\n\n<p>Nachdem man der im Vorjahr verstorbenen Mitglieder gedacht hatte, gab er einen detaillierten R\u00fcckblick auf das Vereinsjahr 2022 mit einer F\u00fclle von Veranstaltungen und Aktivit\u00e4ten, die in neun Vorstandssitzungen vorbereitet wurden.<\/p>\n\n\n\n<p>Wie in den Jahren zuvor hatte die Apfelallee im Otterbacher Tal den breitesten Raum eingenommen. Waldeis erinnerte an die vielf\u00e4ltigen pflegerischen Ma\u00dfnahmen in der Allee, wie etwa den Baumschnitt und M\u00e4harbeiten, an Neuanpflanzungen, an das Aufstellen weiterer, selbst gefertigter Ruheb\u00e4nke sowie das Anbringen und die Pflege zahlreicher Nistk\u00e4sten.<\/p>\n\n\n\n<p>Der Verein bem\u00fche sich zudem um die Einbindung von Vorschulkindern ins Vereinsleben und Kontakte zu den \u00f6rtlichen Schulen, habe an den Ferienspielen teilgenommen, einen Kurs \u201eM\u00e4hen mit der Handsense\u201c angeboten und das schon zur Tradition gewordene historische Keltern im Rahmen des Wendelinusmarktes durchgef\u00fchrt, wobei 65 Zentner selbst geernteter \u00c4pfel zu S\u00fc\u00dfmost gepresst wurden.<\/p>\n\n\n\n<p>H\u00f6hepunkt des Vereinsjahrs sei am 03. Dezember der Ehrennachmittag im katholischen Pfarrheim gewesen, wo 70 Mitglieder f\u00fcr ihre langj\u00e4hrige Treue geehrt und Rosi Eck zum Ehrenmitglied ernannt wurde.<\/p>\n\n\n\n<p>Der 1.Vorsitzende res\u00fcmierte zufrieden, dass \u201ewir einen intakten Verein haben, bei dem sich viele freiwillige Helfer einbringen.\u201c Der Verein habe 172 Mitglieder. Besonders erfreulich sei, dass unter den Neumitgliedern auch junge Menschen seien, was belege, \u201edass unser OGV mit seinen T\u00e4tigkeiten \u201ain\u2019 ist.\u201c<\/p>\n\n\n\n<p>Kassier Georg Elflein sprach in seinem anschlie\u00dfenden Kassenbericht von einer guten Kassenlage. Man habe gut gewirtschaftet. Kassenpr\u00fcfer Reiner Hauschild attestierte ihm eine&nbsp; einwandfreie, transparente Kassenf\u00fchrung und beantragte, ihm und der gesamten Vorstandschaft Entlastung auszusprechen, die dann auch einstimmig&nbsp; erteilt wurde.<\/p>\n\n\n\n<p>Da Georg Elflein Ende 2022 gebeten hatte, ihn zum 01.01.2023 von seinem Amt zu entbinden, und die Vorstandschaft diesem Wunsch entsprochen hatte, war eine Neuwahl f\u00e4llig. Nicole Grimm, bisher Beisitzerin, wurde zur neuen Kassiererin gew\u00e4hlt, Frank Laske steht ihr als 2. Kassier zur Seite.<\/p>\n\n\n\n<p>Als neuer Kassenpr\u00fcfer f\u00fcr den verstorbenen Walter Hennrich wurde Walter M\u00fcller gew\u00e4hlt.<\/p>\n\n\n\n<p>Im Anschluss an die Neuwahlen warf Hans Waldeis einen Blick auf die geplanten Unternehmungen im Jahr 2023.<\/p>\n\n\n\n<p>Unter anderem verwies er auf die Fahrt zur BUGA nach Mannheim am 3. Juni, auf die Ferienspiele 2023 und eine Baumpflanzaktion im November.<\/p>\n\n\n\n<p>Da keine Wortmeldungen aus der Versammlung kamen, beschloss er diese mit den Worten:<\/p>\n\n\n\n<p>\u201eIch denke, wir OGVler sind auf einem guten Weg. Bleibt gesund, weiterhin viel Spa\u00df und Freude bei uns. Ganz getreu unserem Motto: \u201aSch\u00f6pft den Frohsinn aus dem Vollen bei den Obst- und Gartenjollen`\u201c.<\/p>\n","protected":false},"excerpt":{"rendered":"<p>APFELALLEE UND NOCH GANZ VIEL MEHR\u2026 Erfreulich viele Vereinsmitglieder konnte Hans Waldeis, der 1.Vorsitzende des Obst- und Gartenbauvereins, am 13.04. in der Gastst\u00e4tte \u201eBrauerei Etzel\u201c zur Mitgliederversammlung 2023 begr\u00fc\u00dfen. Nachdem man der im Vorjahr verstorbenen Mitglieder gedacht hatte, gab er einen detaillierten R\u00fcckblick auf das Vereinsjahr 2022 mit einer F\u00fclle von Veranstaltungen und Aktivit\u00e4ten, die [&hellip;]<\/p>\n","protected":false},"author":1,"featured_media":0,"parent":0,"menu_order":0,"comment_status":"closed","ping_status":"closed","template":"","meta":{"ngg_post_thumbnail":0,"footnotes":""},"class_list":["post-1053","page","type-page","status-publish","hentry"],"yoast_head":"<!-- This site is optimized with the Yoast SEO plugin v27.6 - https:\/\/yoast.com\/product\/yoast-seo-wordpress\/ -->\n<title>Bericht zur Mitgliederversamlung 2023 - Obst- und Gartenbauverein Amorbach e.V.<\/title>\n<meta name=\"robots\" content=\"index, follow, max-snippet:-1, max-image-preview:large, max-video-preview:-1\" \/>\n<link rel=\"canonical\" href=\"https:\/\/ogv-amorbach.de\/?page_id=1053\" \/>\n<meta property=\"og:locale\" content=\"de_DE\" \/>\n<meta property=\"og:type\" content=\"article\" \/>\n<meta property=\"og:title\" content=\"Bericht zur Mitgliederversamlung 2023 - Obst- und Gartenbauverein Amorbach e.V.\" \/>\n<meta property=\"og:description\" content=\"APFELALLEE UND NOCH GANZ VIEL MEHR\u2026 Erfreulich viele Vereinsmitglieder konnte Hans Waldeis, der 1.Vorsitzende des Obst- und Gartenbauvereins, am 13.04. in der Gastst\u00e4tte \u201eBrauerei Etzel\u201c zur Mitgliederversammlung 2023 begr\u00fc\u00dfen. Nachdem man der im Vorjahr verstorbenen Mitglieder gedacht hatte, gab er einen detaillierten R\u00fcckblick auf das Vereinsjahr 2022 mit einer F\u00fclle von Veranstaltungen und Aktivit\u00e4ten, die [&hellip;]\" \/>\n<meta property=\"og:url\" content=\"https:\/\/ogv-amorbach.de\/?page_id=1053\" \/>\n<meta property=\"og:site_name\" content=\"Obst- und Gartenbauverein Amorbach e.V.\" \/>\n<meta name=\"twitter:card\" content=\"summary_large_image\" \/>\n<meta name=\"twitter:label1\" content=\"Gesch\u00e4tzte Lesezeit\" \/>\n\t<meta name=\"twitter:data1\" content=\"2\u00a0Minuten\" \/>\n<script type=\"application\/ld+json\" class=\"yoast-schema-graph\">{\"@context\":\"https:\\\/\\\/schema.org\",\"@graph\":[{\"@type\":\"WebPage\",\"@id\":\"https:\\\/\\\/ogv-amorbach.de\\\/?page_id=1053\",\"url\":\"https:\\\/\\\/ogv-amorbach.de\\\/?page_id=1053\",\"name\":\"Bericht zur Mitgliederversamlung 2023 - Obst- und Gartenbauverein Amorbach e.V.\",\"isPartOf\":{\"@id\":\"https:\\\/\\\/ogv-amorbach.de\\\/#website\"},\"datePublished\":\"2023-05-03T20:11:13+00:00\",\"breadcrumb\":{\"@id\":\"https:\\\/\\\/ogv-amorbach.de\\\/?page_id=1053#breadcrumb\"},\"inLanguage\":\"de\",\"potentialAction\":[{\"@type\":\"ReadAction\",\"target\":[\"https:\\\/\\\/ogv-amorbach.de\\\/?page_id=1053\"]}]},{\"@type\":\"BreadcrumbList\",\"@id\":\"https:\\\/\\\/ogv-amorbach.de\\\/?page_id=1053#breadcrumb\",\"itemListElement\":[{\"@type\":\"ListItem\",\"position\":1,\"name\":\"Home\",\"item\":\"https:\\\/\\\/ogv-amorbach.de\\\/\"},{\"@type\":\"ListItem\",\"position\":2,\"name\":\"Bericht zur Mitgliederversamlung 2023\"}]},{\"@type\":\"WebSite\",\"@id\":\"https:\\\/\\\/ogv-amorbach.de\\\/#website\",\"url\":\"https:\\\/\\\/ogv-amorbach.de\\\/\",\"name\":\"Obst- und Gartenbauverein Amorbach e.V.\",\"description\":\"\",\"publisher\":{\"@id\":\"https:\\\/\\\/ogv-amorbach.de\\\/#organization\"},\"potentialAction\":[{\"@type\":\"SearchAction\",\"target\":{\"@type\":\"EntryPoint\",\"urlTemplate\":\"https:\\\/\\\/ogv-amorbach.de\\\/?s={search_term_string}\"},\"query-input\":{\"@type\":\"PropertyValueSpecification\",\"valueRequired\":true,\"valueName\":\"search_term_string\"}}],\"inLanguage\":\"de\"},{\"@type\":\"Organization\",\"@id\":\"https:\\\/\\\/ogv-amorbach.de\\\/#organization\",\"name\":\"Obst- und Gartenbauverein Amorbach e.V.\",\"url\":\"https:\\\/\\\/ogv-amorbach.de\\\/\",\"logo\":{\"@type\":\"ImageObject\",\"inLanguage\":\"de\",\"@id\":\"https:\\\/\\\/ogv-amorbach.de\\\/#\\\/schema\\\/logo\\\/image\\\/\",\"url\":\"https:\\\/\\\/ogv-amorbach.de\\\/wp-content\\\/uploads\\\/2022\\\/10\\\/cropped-Logo.png\",\"contentUrl\":\"https:\\\/\\\/ogv-amorbach.de\\\/wp-content\\\/uploads\\\/2022\\\/10\\\/cropped-Logo.png\",\"width\":367,\"height\":223,\"caption\":\"Obst- und Gartenbauverein Amorbach e.V.\"},\"image\":{\"@id\":\"https:\\\/\\\/ogv-amorbach.de\\\/#\\\/schema\\\/logo\\\/image\\\/\"}}]}<\/script>\n<!-- \/ Yoast SEO plugin. -->","yoast_head_json":{"title":"Bericht zur Mitgliederversamlung 2023 - Obst- und Gartenbauverein Amorbach e.V.","robots":{"index":"index","follow":"follow","max-snippet":"max-snippet:-1","max-image-preview":"max-image-preview:large","max-video-preview":"max-video-preview:-1"},"canonical":"https:\/\/ogv-amorbach.de\/?page_id=1053","og_locale":"de_DE","og_type":"article","og_title":"Bericht zur Mitgliederversamlung 2023 - Obst- und Gartenbauverein Amorbach e.V.","og_description":"APFELALLEE UND NOCH GANZ VIEL MEHR\u2026 Erfreulich viele Vereinsmitglieder konnte Hans Waldeis, der 1.Vorsitzende des Obst- und Gartenbauvereins, am 13.04. in der Gastst\u00e4tte \u201eBrauerei Etzel\u201c zur Mitgliederversammlung 2023 begr\u00fc\u00dfen. Nachdem man der im Vorjahr verstorbenen Mitglieder gedacht hatte, gab er einen detaillierten R\u00fcckblick auf das Vereinsjahr 2022 mit einer F\u00fclle von Veranstaltungen und Aktivit\u00e4ten, die [&hellip;]","og_url":"https:\/\/ogv-amorbach.de\/?page_id=1053","og_site_name":"Obst- und Gartenbauverein Amorbach e.V.","twitter_card":"summary_large_image","twitter_misc":{"Gesch\u00e4tzte Lesezeit":"2\u00a0Minuten"},"schema":{"@context":"https:\/\/schema.org","@graph":[{"@type":"WebPage","@id":"https:\/\/ogv-amorbach.de\/?page_id=1053","url":"https:\/\/ogv-amorbach.de\/?page_id=1053","name":"Bericht zur Mitgliederversamlung 2023 - Obst- und Gartenbauverein Amorbach e.V.","isPartOf":{"@id":"https:\/\/ogv-amorbach.de\/#website"},"datePublished":"2023-05-03T20:11:13+00:00","breadcrumb":{"@id":"https:\/\/ogv-amorbach.de\/?page_id=1053#breadcrumb"},"inLanguage":"de","potentialAction":[{"@type":"ReadAction","target":["https:\/\/ogv-amorbach.de\/?page_id=1053"]}]},{"@type":"BreadcrumbList","@id":"https:\/\/ogv-amorbach.de\/?page_id=1053#breadcrumb","itemListElement":[{"@type":"ListItem","position":1,"name":"Home","item":"https:\/\/ogv-amorbach.de\/"},{"@type":"ListItem","position":2,"name":"Bericht zur Mitgliederversamlung 2023"}]},{"@type":"WebSite","@id":"https:\/\/ogv-amorbach.de\/#website","url":"https:\/\/ogv-amorbach.de\/","name":"Obst- und Gartenbauverein Amorbach e.V.","description":"","publisher":{"@id":"https:\/\/ogv-amorbach.de\/#organization"},"potentialAction":[{"@type":"SearchAction","target":{"@type":"EntryPoint","urlTemplate":"https:\/\/ogv-amorbach.de\/?s={search_term_string}"},"query-input":{"@type":"PropertyValueSpecification","valueRequired":true,"valueName":"search_term_string"}}],"inLanguage":"de"},{"@type":"Organization","@id":"https:\/\/ogv-amorbach.de\/#organization","name":"Obst- und Gartenbauverein Amorbach e.V.","url":"https:\/\/ogv-amorbach.de\/","logo":{"@type":"ImageObject","inLanguage":"de","@id":"https:\/\/ogv-amorbach.de\/#\/schema\/logo\/image\/","url":"https:\/\/ogv-amorbach.de\/wp-content\/uploads\/2022\/10\/cropped-Logo.png","contentUrl":"https:\/\/ogv-amorbach.de\/wp-content\/uploads\/2022\/10\/cropped-Logo.png","width":367,"height":223,"caption":"Obst- und Gartenbauverein Amorbach e.V."},"image":{"@id":"https:\/\/ogv-amorbach.de\/#\/schema\/logo\/image\/"}}]}},"_links":{"self":[{"href":"https:\/\/ogv-amorbach.de\/index.php?rest_route=\/wp\/v2\/pages\/1053","targetHints":{"allow":["GET"]}}],"collection":[{"href":"https:\/\/ogv-amorbach.de\/index.php?rest_route=\/wp\/v2\/pages"}],"about":[{"href":"https:\/\/ogv-amorbach.de\/index.php?rest_route=\/wp\/v2\/types\/page"}],"author":[{"embeddable":true,"href":"https:\/\/ogv-amorbach.de\/index.php?rest_route=\/wp\/v2\/users\/1"}],"replies":[{"embeddable":true,"href":"https:\/\/ogv-amorbach.de\/index.php?rest_route=%2Fwp%2Fv2%2Fcomments&post=1053"}],"version-history":[{"count":1,"href":"https:\/\/ogv-amorbach.de\/index.php?rest_route=\/wp\/v2\/pages\/1053\/revisions"}],"predecessor-version":[{"id":1054,"href":"https:\/\/ogv-amorbach.de\/index.php?rest_route=\/wp\/v2\/pages\/1053\/revisions\/1054"}],"wp:attachment":[{"href":"https:\/\/ogv-amorbach.de\/index.php?rest_route=%2Fwp%2Fv2%2Fmedia&parent=1053"}],"curies":[{"name":"wp","href":"https:\/\/api.w.org\/{rel}","templated":true}]}}